{"id":2,"date":"2018-06-12T08:01:18","date_gmt":"2018-06-12T05:01:18","guid":{"rendered":"http:\/\/blogit.xamk.fi\/x-muuttuja\/?page_id=2"},"modified":"2018-10-05T13:13:27","modified_gmt":"2018-10-05T10:13:27","slug":"esimerkkisivu","status":"publish","type":"page","link":"https:\/\/blogit.xamk.fi\/x-muuttuja\/esimerkkisivu\/","title":{"rendered":"Keit\u00e4 ovat X-muuttujat?"},"content":{"rendered":"<p>X-muuttuja ovat Kaakkois-Suomen ammattikorkeakoulu Xamkin kolmen koulutuslinjan yhteinen blogi. X-muuttuja nimell\u00e4 viitataan muuttuviin kirjoittajiin, aiheisiin ja teemoihin. Ty\u00f6el\u00e4m\u00e4 sis\u00e4lt\u00e4\u00e4 monta muuttuvaa tekij\u00e4\u00e4. N\u00e4it\u00e4 yrit\u00e4mme ratkoa X-muuttujassa ja kouluttautumalla huomisen tekij\u00f6iksi.<\/p>\n<p>X-muuttujat ovat myynnin ja markkinoinnin, liiketoiminnan data-analytiikan ja visualisoinnin sek\u00e4 palvelumuotoilun opiskelijoiden, opettajien ja asiantuntijoiden blogi. Blogissa katsotaan opiskelijoiden kokemuuksiin opiskelusta, ty\u00f6el\u00e4m\u00e4st\u00e4 ja erilaisista projekteista. N\u00e4k\u00f6kulmia ja ty\u00f6el\u00e4m\u00e4n kentt\u00e4tietoa jakavat Xamkin opettajat ja muu henkil\u00f6kunta sek\u00e4 yhteisty\u00f6kumppaniyrityksien asiantuntijat.<\/p>\n<p>Tervetuloa seuraamaan X-muuttuja -blogia ja meit\u00e4 X-muuttujia!<\/p>\n<p>Jos haluat kirjoittaa X-muuttujiin, ota rohkeasti yhteytt\u00e4 johonkin blogin p\u00e4\u00e4toimittajista.<\/p>\n<p><strong>Mari Maunula<\/strong><br \/>\n<em>Lehtori, koulutusvastaava<\/em><br \/>\n<em>Liiketalouden koulutusyksikk\u00f6<\/em><br \/>\nmari.maunula@xamk.fi<\/p>\n<p><strong>Jarkko Ansam\u00e4ki<\/strong><br \/>\n<em>Lehtori<\/em><br \/>\n<em>Liiketalouden koulutusyksikk\u00f6<\/em><br \/>\njarkko.ansamaki@xamk.fi<\/p>\n<p><strong>Sanna Haapanen<\/strong><br \/>\n<em>Lehtori <\/em><br \/>\n<em>Kulttuurin koulutusyksikk\u00f6<\/em><br \/>\nsanna.haapanen@xamk.fi<\/p>\n","protected":false},"excerpt":{"rendered":"<p>X-muuttuja ovat Kaakkois-Suomen ammattikorkeakoulu Xamkin kolmen koulutuslinjan yhteinen blogi. X-muuttuja nimell\u00e4 viitataan muuttuviin kirjoittajiin, aiheisiin ja teemoihin. Ty\u00f6el\u00e4m\u00e4 sis\u00e4lt\u00e4\u00e4 monta muuttuvaa tekij\u00e4\u00e4. N\u00e4it\u00e4 yrit\u00e4mme ratkoa X-muuttujassa ja kouluttautumalla huomisen tekij\u00f6iksi. X-muuttujat ovat myynnin ja markkinoinnin, liiketoiminnan data-analytiikan ja visualisoinnin sek\u00e4 palvelumuotoilun opiskelijoiden, opettajien ja asiantuntijoiden blogi. Blogissa katsotaan opiskelijoiden kokemuuksiin opiskelusta, ty\u00f6el\u00e4m\u00e4st\u00e4 ja erilaisista projekteista. [&hellip;]<\/p>\n","protected":false},"author":8,"featured_media":47,"parent":0,"menu_order":0,"comment_status":"closed","ping_status":"open","template":"","meta":{"inline_featured_image":false,"footnotes":""},"class_list":["post-2","page","type-page","status-publish","has-post-thumbnail","hentry"],"_links":{"self":[{"href":"https:\/\/blogit.xamk.fi\/x-muuttuja\/wp-json\/wp\/v2\/pages\/2","targetHints":{"allow":["GET"]}}],"collection":[{"href":"https:\/\/blogit.xamk.fi\/x-muuttuja\/wp-json\/wp\/v2\/pages"}],"about":[{"href":"https:\/\/blogit.xamk.fi\/x-muuttuja\/wp-json\/wp\/v2\/types\/page"}],"author":[{"embeddable":true,"href":"https:\/\/blogit.xamk.fi\/x-muuttuja\/wp-json\/wp\/v2\/users\/8"}],"replies":[{"embeddable":true,"href":"https:\/\/blogit.xamk.fi\/x-muuttuja\/wp-json\/wp\/v2\/comments?post=2"}],"version-history":[{"count":5,"href":"https:\/\/blogit.xamk.fi\/x-muuttuja\/wp-json\/wp\/v2\/pages\/2\/revisions"}],"predecessor-version":[{"id":203,"href":"https:\/\/blogit.xamk.fi\/x-muuttuja\/wp-json\/wp\/v2\/pages\/2\/revisions\/203"}],"wp:featuredmedia":[{"embeddable":true,"href":"https:\/\/blogit.xamk.fi\/x-muuttuja\/wp-json\/wp\/v2\/media\/47"}],"wp:attachment":[{"href":"https:\/\/blogit.xamk.fi\/x-muuttuja\/wp-json\/wp\/v2\/media?parent=2"}],"curies":[{"name":"wp","href":"https:\/\/api.w.org\/{rel}","templated":true}]}}