{"id":96,"date":"2018-04-23T12:23:56","date_gmt":"2018-04-23T09:23:56","guid":{"rendered":"http:\/\/blogit.xamk.fi\/raskausjapaihteet\/?page_id=96"},"modified":"2018-04-24T15:22:59","modified_gmt":"2018-04-24T12:22:59","slug":"opioidit-2","status":"publish","type":"page","link":"https:\/\/blogit.xamk.fi\/raskausjapaihteet\/opioidit-2\/","title":{"rendered":"Opioidit"},"content":{"rendered":"<ul>\n<li>Aiheuttavat huumausaineista eniten riippuvuuksia ja niist\u00e4 on vaikeinta vieroittautua<\/li>\n<li>Aiheuttavat vastasyntyneen pienikokoisuutta<\/li>\n<li>Voivat aiheuttaa neurologisia ja keskushermostollisia h\u00e4iri\u00f6it\u00e4<\/li>\n<li>Aiheuttavat mahasuolikanavan ongelmia esim. oksentelua ja sy\u00f6misvaikeutta &#8211;&gt; Vaarana vastasyntyneen kuivuminen ja hidas painonnousu<\/li>\n<\/ul>\n<p><strong>NAS\u00a0(Neonatal abstinence syndrome)<\/strong><\/p>\n<ul>\n<li>Vastasyntyneen vieroitusoireyhtym\u00e4<\/li>\n<li>Suurin osa opioideille altistuneista vastasyntyneist\u00e4 k\u00e4rsiv\u00e4t oireyhtym\u00e4st\u00e4<\/li>\n<li>Suurin osa vieroitusoireista alkaa vuorokauden kuluttua syntym\u00e4st\u00e4<\/li>\n<li>Yleisimpi\u00e4 vieroitusoireita ovat vapina, korkea itku\u00e4\u00e4ni, aivastelu, s\u00e4ps\u00e4htely ja tavallista runsaampi pulauttelu<\/li>\n<li>Vieroitusoireet voivat kest\u00e4\u00e4 jopa kuukausia<\/li>\n<li>Vakavin vieroitusoireiden seuraus on lapsen \u00e4killinen syd\u00e4menpys\u00e4hdys<\/li>\n<li>Viimeisimpien raskausviikkojen opioidialtistus voidaan varmistaa lapsen virtsasta<\/li>\n<li>Koko raskauden aikainen opioidialtistus voidaan varmistaa tutkimalla vauvan mekoniumia<\/li>\n<\/ul>\n<p><strong>\u00c4idin korvaushoito<\/strong><\/p>\n<ul>\n<li>Lapsen kehityksen turvaamiseksi \u00e4idin siirtyminen korvaushoitoon opioidien v\u00e4\u00e4rink\u00e4yt\u00f6n sijaan on parempi vaihtoehto, sill\u00e4 korvaushoidossa l\u00e4\u00e4kem\u00e4\u00e4r\u00e4t ovat pienempi\u00e4<\/li>\n<li>Korvaushoitol\u00e4\u00e4kkeen\u00e4 k\u00e4ytetty Buprenofiini aiheuttaa vastasyntyneelle v\u00e4hemm\u00e4n vakavia vieroitusoireita &#8211;&gt; Vastasyntyneen vieroitusoireiden hoitoon ei v\u00e4ltt\u00e4m\u00e4tt\u00e4 tarvitse ryhty\u00e4<\/li>\n<\/ul>\n<p><strong>Finneganin asteikko ja vastasyntyneen vieroitusoireiden hoito<\/strong><\/p>\n<ul>\n<li>Kaikilta opioideille altistuneilta vastasyntyneilt\u00e4 seurataan vieroitusoireita (My\u00f6s korvaushoidossa olevien \u00e4itien vastasyntyneilt\u00e4)<\/li>\n<li>Vastasyntyneen vieroitusoireita seurataan Finneganin asteikon avulla<\/li>\n<li>Asteikossa on 32 yleisint\u00e4 vieroitusoiretta, joita seurataan s\u00e4\u00e4nn\u00f6llisesti<\/li>\n<li>Oireet on jaoteltu kolmeen kategoriaan: keskushermostolliset, gastrologiset ja respiratoriset oireet<\/li>\n<li>Vieroitusoireita seurataan 2-4 tunnin v\u00e4lein ja vastasyntyneen oireet pisteytet\u00e4\u00e4n<\/li>\n<li>Morfiinihoito vieroitusoireisiin aloitetaan jos vastasyntynyt saa 3 kertaa per\u00e4kk\u00e4in yli 8 pistett\u00e4<\/li>\n<li>Morfiinihoidon aikana pisteiden laskua jatketaan<\/li>\n<li>Kun pisteet ovat olleet alle 8 yli 72 tuntia, morfiiniannosta pienennet\u00e4\u00e4n asteittain<\/li>\n<li>Finneganin pisteiden laskua jatketaan niin kauan, kunnes vieroitusoireet saadaan hallintaan ja morfiinihoito voidaan lopettaa<\/li>\n<\/ul>\n<p>&nbsp;<\/p>\n<p><img loading=\"lazy\" decoding=\"async\" class=\"alignnone wp-image-159\" src=\"http:\/\/blogit.xamk.fi\/raskausjapaihteet\/wp-content\/uploads\/sites\/42\/2018\/04\/Finnegan-1-233x300.png\" alt=\"\" width=\"540\" height=\"695\" srcset=\"https:\/\/blogit.xamk.fi\/raskausjapaihteet\/wp-content\/uploads\/sites\/42\/2018\/04\/Finnegan-1-233x300.png 233w, https:\/\/blogit.xamk.fi\/raskausjapaihteet\/wp-content\/uploads\/sites\/42\/2018\/04\/Finnegan-1.png 602w\" sizes=\"auto, (max-width: 540px) 100vw, 540px\" \/><\/p>\n<p>Finneganin lomake\/ K\u00e4yp\u00e4 hoito- suositus Huumeongelmaisen hoito. Saatavissa:\u00a0http:\/\/www.terveysportti.fi\/xmedia\/nix\/hoi50041b.pdf<\/p>\n<p>&nbsp;<\/p>\n","protected":false},"excerpt":{"rendered":"<p>Aiheuttavat huumausaineista eniten riippuvuuksia ja niist\u00e4 on vaikeinta vieroittautua Aiheuttavat vastasyntyneen pienikokoisuutta Voivat aiheuttaa neurologisia ja keskushermostollisia h\u00e4iri\u00f6it\u00e4 Aiheuttavat mahasuolikanavan ongelmia esim. oksentelua ja sy\u00f6misvaikeutta &#8211;&gt; Vaarana vastasyntyneen kuivuminen ja hidas painonnousu NAS\u00a0(Neonatal abstinence syndrome) Vastasyntyneen vieroitusoireyhtym\u00e4 Suurin osa opioideille altistuneista vastasyntyneist\u00e4 k\u00e4rsiv\u00e4t oireyhtym\u00e4st\u00e4 Suurin osa vieroitusoireista alkaa vuorokauden kuluttua syntym\u00e4st\u00e4 Yleisimpi\u00e4 vieroitusoireita ovat vapina, &hellip; <a href=\"https:\/\/blogit.xamk.fi\/raskausjapaihteet\/opioidit-2\/\" class=\"more-link\">Jatka lukemista <span class=\"screen-reader-text\">Opioidit<\/span> <span class=\"meta-nav\">&rarr;<\/span><\/a><\/p>\n","protected":false},"author":190,"featured_media":0,"parent":0,"menu_order":0,"comment_status":"closed","ping_status":"closed","template":"","meta":{"inline_featured_image":false,"footnotes":""},"class_list":["post-96","page","type-page","status-publish","hentry"],"_links":{"self":[{"href":"https:\/\/blogit.xamk.fi\/raskausjapaihteet\/wp-json\/wp\/v2\/pages\/96","targetHints":{"allow":["GET"]}}],"collection":[{"href":"https:\/\/blogit.xamk.fi\/raskausjapaihteet\/wp-json\/wp\/v2\/pages"}],"about":[{"href":"https:\/\/blogit.xamk.fi\/raskausjapaihteet\/wp-json\/wp\/v2\/types\/page"}],"author":[{"embeddable":true,"href":"https:\/\/blogit.xamk.fi\/raskausjapaihteet\/wp-json\/wp\/v2\/users\/190"}],"replies":[{"embeddable":true,"href":"https:\/\/blogit.xamk.fi\/raskausjapaihteet\/wp-json\/wp\/v2\/comments?post=96"}],"version-history":[{"count":5,"href":"https:\/\/blogit.xamk.fi\/raskausjapaihteet\/wp-json\/wp\/v2\/pages\/96\/revisions"}],"predecessor-version":[{"id":181,"href":"https:\/\/blogit.xamk.fi\/raskausjapaihteet\/wp-json\/wp\/v2\/pages\/96\/revisions\/181"}],"wp:attachment":[{"href":"https:\/\/blogit.xamk.fi\/raskausjapaihteet\/wp-json\/wp\/v2\/media?parent=96"}],"curies":[{"name":"wp","href":"https:\/\/api.w.org\/{rel}","templated":true}]}}