{"id":93,"date":"2018-04-23T12:23:43","date_gmt":"2018-04-23T09:23:43","guid":{"rendered":"http:\/\/blogit.xamk.fi\/raskausjapaihteet\/?page_id=93"},"modified":"2018-04-24T13:54:44","modified_gmt":"2018-04-24T10:54:44","slug":"amfetamiini-2","status":"publish","type":"page","link":"https:\/\/blogit.xamk.fi\/raskausjapaihteet\/amfetamiini-2\/","title":{"rendered":"Amfetamiini"},"content":{"rendered":"<ul>\n<li>Aiheuttaa ennenaikaista syntymist\u00e4, jopa kuukausia ennen laskettua aikaa<\/li>\n<li>Yleens\u00e4 amfetamiinin k\u00e4ytt\u00e4jill\u00e4 ennenaikaisen synnytyksen aiheuttaa infektio &#8211;&gt;\u00a0 seurauksena my\u00f6s ennenaikaisesti syntyneell\u00e4 keskosella voi olla infektio<\/li>\n<li>Amfetamiinialtistus voi aiheuttaa vieroitusoireita, joita ovat mm. korkea verenpaine, poikkeava itku\u00e4\u00e4ni, imemisvaikeudet ja oksentelu<\/li>\n<li>Joillakin vastasyntyneill\u00e4 voi esiinty\u00e4 t\u00e4rin\u00e4\u00e4, vapinaa ja univaikeuksia<\/li>\n<li>Ep\u00e4muodostumien yhteytt\u00e4 amfetamiinin k\u00e4ytt\u00f6\u00f6n ei ole t\u00e4ysin pystytty osoittamaan, mutta joillakin altistuneilla on esiintynyt esim. huulihalkioita ja keskushermoston ep\u00e4muodostumia<\/li>\n<\/ul>\n","protected":false},"excerpt":{"rendered":"<p>Aiheuttaa ennenaikaista syntymist\u00e4, jopa kuukausia ennen laskettua aikaa Yleens\u00e4 amfetamiinin k\u00e4ytt\u00e4jill\u00e4 ennenaikaisen synnytyksen aiheuttaa infektio &#8211;&gt;\u00a0 seurauksena my\u00f6s ennenaikaisesti syntyneell\u00e4 keskosella voi olla infektio Amfetamiinialtistus voi aiheuttaa vieroitusoireita, joita ovat mm. korkea verenpaine, poikkeava itku\u00e4\u00e4ni, imemisvaikeudet ja oksentelu Joillakin vastasyntyneill\u00e4 voi esiinty\u00e4 t\u00e4rin\u00e4\u00e4, vapinaa ja univaikeuksia Ep\u00e4muodostumien yhteytt\u00e4 amfetamiinin k\u00e4ytt\u00f6\u00f6n ei ole t\u00e4ysin pystytty osoittamaan, &hellip; <a href=\"https:\/\/blogit.xamk.fi\/raskausjapaihteet\/amfetamiini-2\/\" class=\"more-link\">Jatka lukemista <span class=\"screen-reader-text\">Amfetamiini<\/span> <span class=\"meta-nav\">&rarr;<\/span><\/a><\/p>\n","protected":false},"author":190,"featured_media":0,"parent":0,"menu_order":0,"comment_status":"closed","ping_status":"closed","template":"","meta":{"inline_featured_image":false,"footnotes":""},"class_list":["post-93","page","type-page","status-publish","hentry"],"_links":{"self":[{"href":"https:\/\/blogit.xamk.fi\/raskausjapaihteet\/wp-json\/wp\/v2\/pages\/93","targetHints":{"allow":["GET"]}}],"collection":[{"href":"https:\/\/blogit.xamk.fi\/raskausjapaihteet\/wp-json\/wp\/v2\/pages"}],"about":[{"href":"https:\/\/blogit.xamk.fi\/raskausjapaihteet\/wp-json\/wp\/v2\/types\/page"}],"author":[{"embeddable":true,"href":"https:\/\/blogit.xamk.fi\/raskausjapaihteet\/wp-json\/wp\/v2\/users\/190"}],"replies":[{"embeddable":true,"href":"https:\/\/blogit.xamk.fi\/raskausjapaihteet\/wp-json\/wp\/v2\/comments?post=93"}],"version-history":[{"count":3,"href":"https:\/\/blogit.xamk.fi\/raskausjapaihteet\/wp-json\/wp\/v2\/pages\/93\/revisions"}],"predecessor-version":[{"id":155,"href":"https:\/\/blogit.xamk.fi\/raskausjapaihteet\/wp-json\/wp\/v2\/pages\/93\/revisions\/155"}],"wp:attachment":[{"href":"https:\/\/blogit.xamk.fi\/raskausjapaihteet\/wp-json\/wp\/v2\/media?parent=93"}],"curies":[{"name":"wp","href":"https:\/\/api.w.org\/{rel}","templated":true}]}}