{"id":90,"date":"2018-04-23T12:23:27","date_gmt":"2018-04-23T09:23:27","guid":{"rendered":"http:\/\/blogit.xamk.fi\/raskausjapaihteet\/?page_id=90"},"modified":"2018-04-24T15:19:34","modified_gmt":"2018-04-24T12:19:34","slug":"kannabis-2","status":"publish","type":"page","link":"https:\/\/blogit.xamk.fi\/raskausjapaihteet\/kannabis-2\/","title":{"rendered":"Kannabis"},"content":{"rendered":"<ul>\n<li>Aiheesta on saatu vain v\u00e4h\u00e4ist\u00e4 tietoa, mutta joidenkin tutkimusten mukaan kannabiksen viikoittaisilla k\u00e4ytt\u00f6kertojen m\u00e4\u00e4rill\u00e4 on yhteys joihinkin vastasyntyneen kehitysh\u00e4iri\u00f6ihin<\/li>\n<li>\u00c4idin raskauden aikainen kannabiksen k\u00e4ytt\u00f6 aiheuttaa pienipainoisuutta ja pienikokoisuutta, vastasyntyneet voivat olla keskim\u00e4\u00e4r\u00e4ist\u00e4 lyhyempi\u00e4<\/li>\n<li>Kannabiksen k\u00e4yt\u00f6ll\u00e4 raskauden aikana ei ole kuitenkaan todettu olevan yhteytt\u00e4 siki\u00f6n ep\u00e4muodostumariskeihin<\/li>\n<li>Joissakin tapauksissa vastasyntyneell\u00e4 voi ilmet\u00e4 s\u00e4\u00e4telyj\u00e4rjestelm\u00e4n sek\u00e4 keskushermoston h\u00e4iri\u00f6it\u00e4<\/li>\n<li>Joillakin vastasyntyneill\u00e4 voi esiinty\u00e4 viiv\u00e4stymisi\u00e4 n\u00e4k\u00f6j\u00e4rjestelm\u00e4ss\u00e4 ensimm\u00e4isen elinkuukauden aikana<\/li>\n<\/ul>\n<p>&nbsp;<\/p>\n","protected":false},"excerpt":{"rendered":"<p>Aiheesta on saatu vain v\u00e4h\u00e4ist\u00e4 tietoa, mutta joidenkin tutkimusten mukaan kannabiksen viikoittaisilla k\u00e4ytt\u00f6kertojen m\u00e4\u00e4rill\u00e4 on yhteys joihinkin vastasyntyneen kehitysh\u00e4iri\u00f6ihin \u00c4idin raskauden aikainen kannabiksen k\u00e4ytt\u00f6 aiheuttaa pienipainoisuutta ja pienikokoisuutta, vastasyntyneet voivat olla keskim\u00e4\u00e4r\u00e4ist\u00e4 lyhyempi\u00e4 Kannabiksen k\u00e4yt\u00f6ll\u00e4 raskauden aikana ei ole kuitenkaan todettu olevan yhteytt\u00e4 siki\u00f6n ep\u00e4muodostumariskeihin Joissakin tapauksissa vastasyntyneell\u00e4 voi ilmet\u00e4 s\u00e4\u00e4telyj\u00e4rjestelm\u00e4n sek\u00e4 keskushermoston h\u00e4iri\u00f6it\u00e4 Joillakin &hellip; <a href=\"https:\/\/blogit.xamk.fi\/raskausjapaihteet\/kannabis-2\/\" class=\"more-link\">Jatka lukemista <span class=\"screen-reader-text\">Kannabis<\/span> <span class=\"meta-nav\">&rarr;<\/span><\/a><\/p>\n","protected":false},"author":190,"featured_media":0,"parent":0,"menu_order":0,"comment_status":"closed","ping_status":"closed","template":"","meta":{"inline_featured_image":false,"footnotes":""},"class_list":["post-90","page","type-page","status-publish","hentry"],"_links":{"self":[{"href":"https:\/\/blogit.xamk.fi\/raskausjapaihteet\/wp-json\/wp\/v2\/pages\/90","targetHints":{"allow":["GET"]}}],"collection":[{"href":"https:\/\/blogit.xamk.fi\/raskausjapaihteet\/wp-json\/wp\/v2\/pages"}],"about":[{"href":"https:\/\/blogit.xamk.fi\/raskausjapaihteet\/wp-json\/wp\/v2\/types\/page"}],"author":[{"embeddable":true,"href":"https:\/\/blogit.xamk.fi\/raskausjapaihteet\/wp-json\/wp\/v2\/users\/190"}],"replies":[{"embeddable":true,"href":"https:\/\/blogit.xamk.fi\/raskausjapaihteet\/wp-json\/wp\/v2\/comments?post=90"}],"version-history":[{"count":6,"href":"https:\/\/blogit.xamk.fi\/raskausjapaihteet\/wp-json\/wp\/v2\/pages\/90\/revisions"}],"predecessor-version":[{"id":180,"href":"https:\/\/blogit.xamk.fi\/raskausjapaihteet\/wp-json\/wp\/v2\/pages\/90\/revisions\/180"}],"wp:attachment":[{"href":"https:\/\/blogit.xamk.fi\/raskausjapaihteet\/wp-json\/wp\/v2\/media?parent=90"}],"curies":[{"name":"wp","href":"https:\/\/api.w.org\/{rel}","templated":true}]}}