{"id":87,"date":"2018-04-23T12:23:15","date_gmt":"2018-04-23T09:23:15","guid":{"rendered":"http:\/\/blogit.xamk.fi\/raskausjapaihteet\/?page_id=87"},"modified":"2018-04-24T15:18:39","modified_gmt":"2018-04-24T12:18:39","slug":"alkoholi-2","status":"publish","type":"page","link":"https:\/\/blogit.xamk.fi\/raskausjapaihteet\/alkoholi-2\/","title":{"rendered":"Alkoholi"},"content":{"rendered":"<ul>\n<li>Alkoholin suurkuluttajien synnytykset ovat p\u00e4\u00e4s\u00e4\u00e4nt\u00f6isesti k\u00e4ynnistettyj\u00e4 tai keisarileikkauksia<\/li>\n<li>Monesti alkoholin k\u00e4ytt\u00e4jien alatiesynnytykset pitkittyv\u00e4t ja siki\u00f6t\u00e4 uhkaa hapenpuute<\/li>\n<li>Vaurioiden vaikeusaste riippuu siit\u00e4, kuinka suurelle alkoholim\u00e4\u00e4r\u00e4lle on raskauden aikana altistuttu<\/li>\n<\/ul>\n<p><strong> Vastasyntynyt:<\/strong><\/p>\n<ul>\n<li>Syntyy usein pienipainoisena<\/li>\n<li>On yleens\u00e4 veltto ja v\u00e4s\u00e4ht\u00e4nyt<\/li>\n<li>Imemisrefleksi on kehittynyt huonosti &#8211;&gt; kasvu hidastuu<\/li>\n<li>Vauriot vaihtelevat vakavista kehitysvammoista lievempiin vaurioihin<\/li>\n<\/ul>\n<p>&nbsp;<\/p>\n<ul>\n<li>On osoitettu, ett\u00e4 \u00e4idin raskauden aikaisella alkoholin k\u00e4yt\u00f6ll\u00e4 on selv\u00e4 yhteys vastasyntyneen kehitysvammaisuuden syntymiseen<\/li>\n<li>Alkoholialtistus viiv\u00e4stytt\u00e4\u00e4 vastasyntyneen motorista, psyykkist\u00e4 ja mentaalista kehityst\u00e4<\/li>\n<\/ul>\n<p><strong>FASD<\/strong><\/p>\n<ul>\n<li>\u00c4idin raskauden aikainen alkoholin k\u00e4ytt\u00f6 voi aiheuttaa lapselle oireyhtymi\u00e4<\/li>\n<li>Oireyhtymi\u00e4 kutsutaan yhteisell\u00e4 termill\u00e4 FASD (Fetal alcohol spectrum disorders)<\/li>\n<li>FASD sis\u00e4lt\u00e4\u00e4 nelj\u00e4 erilaista oireyhtym\u00e4\u00e4, jotka riippuvat oireiden laadusta<\/li>\n<li>Oireyhtym\u00e4t ovat:<\/li>\n<\/ul>\n<p><strong>FAS<\/strong> eli fetaalialkoholisyndrooma, joka aiheuttaa vakavaa kehitysvammaisuutta<\/p>\n<p><strong>Osittainen FAS<\/strong>, joka on lievempi muoto FAS:ista<\/p>\n<p><strong>ARND<\/strong> eli alkoholialtistuksen aiheuttama keskushermoston vaurio<\/p>\n<p><strong>ARBD<\/strong> eli alkoholialtistuksen aiheuttama ep\u00e4muodostuma<\/p>\n<p><img loading=\"lazy\" decoding=\"async\" class=\"alignnone wp-image-147\" src=\"http:\/\/blogit.xamk.fi\/raskausjapaihteet\/wp-content\/uploads\/sites\/42\/2018\/04\/Snippi-1-300x239.png\" alt=\"\" width=\"655\" height=\"522\" srcset=\"https:\/\/blogit.xamk.fi\/raskausjapaihteet\/wp-content\/uploads\/sites\/42\/2018\/04\/Snippi-1-300x239.png 300w, https:\/\/blogit.xamk.fi\/raskausjapaihteet\/wp-content\/uploads\/sites\/42\/2018\/04\/Snippi-1.png 757w\" sizes=\"auto, (max-width: 655px) 100vw, 655px\" \/><\/p>\n<p>&nbsp;<\/p>\n<p>&nbsp;<\/p>\n","protected":false},"excerpt":{"rendered":"<p>Alkoholin suurkuluttajien synnytykset ovat p\u00e4\u00e4s\u00e4\u00e4nt\u00f6isesti k\u00e4ynnistettyj\u00e4 tai keisarileikkauksia Monesti alkoholin k\u00e4ytt\u00e4jien alatiesynnytykset pitkittyv\u00e4t ja siki\u00f6t\u00e4 uhkaa hapenpuute Vaurioiden vaikeusaste riippuu siit\u00e4, kuinka suurelle alkoholim\u00e4\u00e4r\u00e4lle on raskauden aikana altistuttu Vastasyntynyt: Syntyy usein pienipainoisena On yleens\u00e4 veltto ja v\u00e4s\u00e4ht\u00e4nyt Imemisrefleksi on kehittynyt huonosti &#8211;&gt; kasvu hidastuu Vauriot vaihtelevat vakavista kehitysvammoista lievempiin vaurioihin &nbsp; On osoitettu, ett\u00e4 \u00e4idin &hellip; <a href=\"https:\/\/blogit.xamk.fi\/raskausjapaihteet\/alkoholi-2\/\" class=\"more-link\">Jatka lukemista <span class=\"screen-reader-text\">Alkoholi<\/span> <span class=\"meta-nav\">&rarr;<\/span><\/a><\/p>\n","protected":false},"author":190,"featured_media":0,"parent":0,"menu_order":0,"comment_status":"closed","ping_status":"closed","template":"","meta":{"inline_featured_image":false,"footnotes":""},"class_list":["post-87","page","type-page","status-publish","hentry"],"_links":{"self":[{"href":"https:\/\/blogit.xamk.fi\/raskausjapaihteet\/wp-json\/wp\/v2\/pages\/87","targetHints":{"allow":["GET"]}}],"collection":[{"href":"https:\/\/blogit.xamk.fi\/raskausjapaihteet\/wp-json\/wp\/v2\/pages"}],"about":[{"href":"https:\/\/blogit.xamk.fi\/raskausjapaihteet\/wp-json\/wp\/v2\/types\/page"}],"author":[{"embeddable":true,"href":"https:\/\/blogit.xamk.fi\/raskausjapaihteet\/wp-json\/wp\/v2\/users\/190"}],"replies":[{"embeddable":true,"href":"https:\/\/blogit.xamk.fi\/raskausjapaihteet\/wp-json\/wp\/v2\/comments?post=87"}],"version-history":[{"count":10,"href":"https:\/\/blogit.xamk.fi\/raskausjapaihteet\/wp-json\/wp\/v2\/pages\/87\/revisions"}],"predecessor-version":[{"id":179,"href":"https:\/\/blogit.xamk.fi\/raskausjapaihteet\/wp-json\/wp\/v2\/pages\/87\/revisions\/179"}],"wp:attachment":[{"href":"https:\/\/blogit.xamk.fi\/raskausjapaihteet\/wp-json\/wp\/v2\/media?parent=87"}],"curies":[{"name":"wp","href":"https:\/\/api.w.org\/{rel}","templated":true}]}}