{"id":81,"date":"2018-04-23T12:20:55","date_gmt":"2018-04-23T09:20:55","guid":{"rendered":"http:\/\/blogit.xamk.fi\/raskausjapaihteet\/?page_id=81"},"modified":"2018-04-24T11:25:03","modified_gmt":"2018-04-24T08:25:03","slug":"amfetamiini","status":"publish","type":"page","link":"https:\/\/blogit.xamk.fi\/raskausjapaihteet\/amfetamiini\/","title":{"rendered":"Amfetamiini"},"content":{"rendered":"<ul>\n<li>L\u00e4p\u00e4isee istukan kaikissa raskauden vaiheissa<\/li>\n<li>Suonensis\u00e4isess\u00e4 k\u00e4yt\u00f6ss\u00e4 amfetamiini on haitallisinta siki\u00f6lle<\/li>\n<li>Hidastaa siki\u00f6n kasvua ja lis\u00e4\u00e4 ennenaikaisen syntym\u00e4n riski\u00e4<\/li>\n<li>K\u00e4ytt\u00f6 heikent\u00e4\u00e4 \u00e4idin n\u00e4l\u00e4ntunnetta ja sen seurauksena k\u00e4ytt\u00e4jille voi kehitty\u00e4 aliravitsemustila &#8211;&gt; siki\u00f6n pienipainoisuus ja aliravitsemus ravintoaineiden puutteen seurauksena<\/li>\n<li>Voi aiheuttaa siki\u00f6lle pienip\u00e4isyytt\u00e4, syd\u00e4nvikoja sek\u00e4 huuli- ja vatsahalkioita<\/li>\n<li>Nostaa veren- ja kohdunsis\u00e4ist\u00e4 painetta<\/li>\n<li>Riski ennenaikaiseen lapsivedenmenoon lis\u00e4\u00e4ntyy<\/li>\n<li>Infektioriski lis\u00e4\u00e4ntyy<\/li>\n<li>K\u00e4ytt\u00e4jien lapset syntyv\u00e4t usein ennenaikaisina, jopa 2kk ennen laskettua aikaa<\/li>\n<\/ul>\n","protected":false},"excerpt":{"rendered":"<p>L\u00e4p\u00e4isee istukan kaikissa raskauden vaiheissa Suonensis\u00e4isess\u00e4 k\u00e4yt\u00f6ss\u00e4 amfetamiini on haitallisinta siki\u00f6lle Hidastaa siki\u00f6n kasvua ja lis\u00e4\u00e4 ennenaikaisen syntym\u00e4n riski\u00e4 K\u00e4ytt\u00f6 heikent\u00e4\u00e4 \u00e4idin n\u00e4l\u00e4ntunnetta ja sen seurauksena k\u00e4ytt\u00e4jille voi kehitty\u00e4 aliravitsemustila &#8211;&gt; siki\u00f6n pienipainoisuus ja aliravitsemus ravintoaineiden puutteen seurauksena Voi aiheuttaa siki\u00f6lle pienip\u00e4isyytt\u00e4, syd\u00e4nvikoja sek\u00e4 huuli- ja vatsahalkioita Nostaa veren- ja kohdunsis\u00e4ist\u00e4 painetta Riski ennenaikaiseen lapsivedenmenoon &hellip; <a href=\"https:\/\/blogit.xamk.fi\/raskausjapaihteet\/amfetamiini\/\" class=\"more-link\">Jatka lukemista <span class=\"screen-reader-text\">Amfetamiini<\/span> <span class=\"meta-nav\">&rarr;<\/span><\/a><\/p>\n","protected":false},"author":190,"featured_media":0,"parent":0,"menu_order":0,"comment_status":"closed","ping_status":"closed","template":"","meta":{"inline_featured_image":false,"footnotes":""},"class_list":["post-81","page","type-page","status-publish","hentry"],"_links":{"self":[{"href":"https:\/\/blogit.xamk.fi\/raskausjapaihteet\/wp-json\/wp\/v2\/pages\/81","targetHints":{"allow":["GET"]}}],"collection":[{"href":"https:\/\/blogit.xamk.fi\/raskausjapaihteet\/wp-json\/wp\/v2\/pages"}],"about":[{"href":"https:\/\/blogit.xamk.fi\/raskausjapaihteet\/wp-json\/wp\/v2\/types\/page"}],"author":[{"embeddable":true,"href":"https:\/\/blogit.xamk.fi\/raskausjapaihteet\/wp-json\/wp\/v2\/users\/190"}],"replies":[{"embeddable":true,"href":"https:\/\/blogit.xamk.fi\/raskausjapaihteet\/wp-json\/wp\/v2\/comments?post=81"}],"version-history":[{"count":3,"href":"https:\/\/blogit.xamk.fi\/raskausjapaihteet\/wp-json\/wp\/v2\/pages\/81\/revisions"}],"predecessor-version":[{"id":135,"href":"https:\/\/blogit.xamk.fi\/raskausjapaihteet\/wp-json\/wp\/v2\/pages\/81\/revisions\/135"}],"wp:attachment":[{"href":"https:\/\/blogit.xamk.fi\/raskausjapaihteet\/wp-json\/wp\/v2\/media?parent=81"}],"curies":[{"name":"wp","href":"https:\/\/api.w.org\/{rel}","templated":true}]}}