{"id":75,"date":"2018-04-23T12:17:31","date_gmt":"2018-04-23T09:17:31","guid":{"rendered":"http:\/\/blogit.xamk.fi\/raskausjapaihteet\/?page_id=75"},"modified":"2018-10-20T17:06:22","modified_gmt":"2018-10-20T14:06:22","slug":"alkoholi","status":"publish","type":"page","link":"https:\/\/blogit.xamk.fi\/raskausjapaihteet\/alkoholi\/","title":{"rendered":"Alkoholi"},"content":{"rendered":"<ul>\n<li>Vakavimmat vauriot siki\u00f6lle aiheutuvat raskauden aikaisen alkoholin k\u00e4yt\u00f6n vuoksi<\/li>\n<li>Alkoholi kulkeutuu istukan l\u00e4pi siki\u00f6\u00f6n<\/li>\n<li>\u00c4idin ollessa alkoholin vaikutuksen alaisena, siki\u00f6n ja lapsiveden alkoholipitoisuus voi olla jopa suurempi kuin \u00e4idill\u00e4<\/li>\n<\/ul>\n<p><img loading=\"lazy\" decoding=\"async\" class=\"alignnone size-medium wp-image-214\" src=\"http:\/\/blogit.xamk.fi\/raskausjapaihteet\/wp-content\/uploads\/sites\/42\/2018\/10\/44504902_2202686666676119_8940470087324794880_n-2-225x300.jpg\" alt=\"\" width=\"225\" height=\"300\" srcset=\"https:\/\/blogit.xamk.fi\/raskausjapaihteet\/wp-content\/uploads\/sites\/42\/2018\/10\/44504902_2202686666676119_8940470087324794880_n-2-225x300.jpg 225w, https:\/\/blogit.xamk.fi\/raskausjapaihteet\/wp-content\/uploads\/sites\/42\/2018\/10\/44504902_2202686666676119_8940470087324794880_n-2-768x1024.jpg 768w\" sizes=\"auto, (max-width: 225px) 100vw, 225px\" \/><\/p>\n<p><strong>Alkoholin k\u00e4ytt\u00f6<\/strong>\u00a0 <b>e<\/b><strong>nsimm\u00e4isell\u00e4 raskauskolmanneksella:\u00a0<\/strong><\/p>\n<ul>\n<li>Keskenmenon ja verenvuotojen riski lis\u00e4\u00e4ntyy<\/li>\n<li>P\u00e4ivitt\u00e4in nautitut pienetkin alkoholiannokset voivat kaksinkertaistaa keskenmenoriskin<\/li>\n<li>Istukan toiminta h\u00e4iriintyy<\/li>\n<li>Siki\u00f6n kasvu hidastuu<\/li>\n<li>Alkoholin k\u00e4ytt\u00f6 raskauden aikana voi vaurioittaa siki\u00f6n kehittyvi\u00e4 elimi\u00e4<\/li>\n<li>Seurauksena voivat olla esim. syd\u00e4n- ja luustoanomaliat<\/li>\n<\/ul>\n<p><strong> Alkoholin k\u00e4ytt\u00f6 toisella raskauskolmanneksella:\u00a0<\/strong><\/p>\n<ul>\n<li>Verenvuotojen riski lis\u00e4\u00e4ntyy<\/li>\n<li>Istukan toiminta h\u00e4iriintyy<\/li>\n<li>Infektioriski lis\u00e4\u00e4ntyy &#8211;&gt; ennenaikaisen synnytyksen riski<\/li>\n<li>Riski istukan osittaiseen tai ennenaikaiseen irtoamiseen kasvaa<\/li>\n<li>H\u00e4iritsee siki\u00f6n keskushermoston kehittymist\u00e4 &#8211;&gt; siki\u00f6n aivojen alikehittyminen, aivojen pieni koko tai pienip\u00e4isyys<\/li>\n<li>\u00c4idin kova humalatila lamaa siki\u00f6n liikkeit\u00e4<\/li>\n<\/ul>\n<p><strong>Alkoholin k\u00e4ytt\u00f6 kolmannella raskauskolmanneksella:<\/strong><\/p>\n<ul>\n<li>Verenvuotojen riski lis\u00e4\u00e4ntyy<\/li>\n<li>Riski istukan ennenaikaiseen irtoamiseen lis\u00e4\u00e4ntyy<\/li>\n<li>Infektioriski lis\u00e4\u00e4ntyy<\/li>\n<li>Siki\u00f6n kasvu hidastuu<\/li>\n<li>Napanuoran verenvirtaus hidastuu &#8211;&gt; siki\u00f6n ravinnonsaanti heikkenee sek\u00e4 siki\u00f6lle kehittyy hapenpuute<\/li>\n<li>Hapenpuutteen seurauksena voidaan joutua k\u00e4ynnist\u00e4m\u00e4\u00e4n synnytys<\/li>\n<li>Runsaalle alkoholille altistuneiden siki\u00f6iden keuhkot ovat hyvin kypsyneet normaalia aiemmassa vaiheessa &#8211;&gt; jos tiedet\u00e4\u00e4n, ett\u00e4 raskauden jatkuessa siki\u00f6 tulee altistumaan toistuvasti alkoholille, voidaan harkita ennenaikaista synnytt\u00e4mist\u00e4<\/li>\n<li>Siki\u00f6t kest\u00e4v\u00e4t huonosti alatiesynnytyksess\u00e4 aiheutuvaa stressi\u00e4 &#8211;&gt; usein p\u00e4\u00e4dyt\u00e4\u00e4n keisarileikkaukseen<\/li>\n<\/ul>\n","protected":false},"excerpt":{"rendered":"<p>Vakavimmat vauriot siki\u00f6lle aiheutuvat raskauden aikaisen alkoholin k\u00e4yt\u00f6n vuoksi Alkoholi kulkeutuu istukan l\u00e4pi siki\u00f6\u00f6n \u00c4idin ollessa alkoholin vaikutuksen alaisena, siki\u00f6n ja lapsiveden alkoholipitoisuus voi olla jopa suurempi kuin \u00e4idill\u00e4 Alkoholin k\u00e4ytt\u00f6\u00a0 ensimm\u00e4isell\u00e4 raskauskolmanneksella:\u00a0 Keskenmenon ja verenvuotojen riski lis\u00e4\u00e4ntyy P\u00e4ivitt\u00e4in nautitut pienetkin alkoholiannokset voivat kaksinkertaistaa keskenmenoriskin Istukan toiminta h\u00e4iriintyy Siki\u00f6n kasvu hidastuu Alkoholin k\u00e4ytt\u00f6 raskauden aikana &hellip; <a href=\"https:\/\/blogit.xamk.fi\/raskausjapaihteet\/alkoholi\/\" class=\"more-link\">Jatka lukemista <span class=\"screen-reader-text\">Alkoholi<\/span> <span class=\"meta-nav\">&rarr;<\/span><\/a><\/p>\n","protected":false},"author":190,"featured_media":0,"parent":0,"menu_order":0,"comment_status":"closed","ping_status":"closed","template":"","meta":{"inline_featured_image":false,"footnotes":""},"class_list":["post-75","page","type-page","status-publish","hentry"],"_links":{"self":[{"href":"https:\/\/blogit.xamk.fi\/raskausjapaihteet\/wp-json\/wp\/v2\/pages\/75","targetHints":{"allow":["GET"]}}],"collection":[{"href":"https:\/\/blogit.xamk.fi\/raskausjapaihteet\/wp-json\/wp\/v2\/pages"}],"about":[{"href":"https:\/\/blogit.xamk.fi\/raskausjapaihteet\/wp-json\/wp\/v2\/types\/page"}],"author":[{"embeddable":true,"href":"https:\/\/blogit.xamk.fi\/raskausjapaihteet\/wp-json\/wp\/v2\/users\/190"}],"replies":[{"embeddable":true,"href":"https:\/\/blogit.xamk.fi\/raskausjapaihteet\/wp-json\/wp\/v2\/comments?post=75"}],"version-history":[{"count":5,"href":"https:\/\/blogit.xamk.fi\/raskausjapaihteet\/wp-json\/wp\/v2\/pages\/75\/revisions"}],"predecessor-version":[{"id":215,"href":"https:\/\/blogit.xamk.fi\/raskausjapaihteet\/wp-json\/wp\/v2\/pages\/75\/revisions\/215"}],"wp:attachment":[{"href":"https:\/\/blogit.xamk.fi\/raskausjapaihteet\/wp-json\/wp\/v2\/media?parent=75"}],"curies":[{"name":"wp","href":"https:\/\/api.w.org\/{rel}","templated":true}]}}