{"id":53,"date":"2018-04-23T12:06:09","date_gmt":"2018-04-23T09:06:09","guid":{"rendered":"http:\/\/blogit.xamk.fi\/raskausjapaihteet\/?page_id=53"},"modified":"2018-04-25T15:00:29","modified_gmt":"2018-04-25T12:00:29","slug":"lahteet","status":"publish","type":"page","link":"https:\/\/blogit.xamk.fi\/raskausjapaihteet\/lahteet\/","title":{"rendered":"L\u00e4hteet"},"content":{"rendered":"<p>&nbsp;<\/p>\n<p><span style=\"font-family: Arial\"><span style=\"color: #000000\">Alaja, R. &amp; Tuomiranta, H. 2004. Hoitoonohjaus raskausajan p\u00e4ihdeongelmissa. L\u00e4\u00e4k\u00e4rilehti 39\/2004. WWW-dokumentti. Saatavissa<\/span><a href=\"https:\/\/www.laakarilehti.fi\/tieteessa\/terveydenhuoltoartikkelit\/hoitoonohjaus-raskausajan-paihdeongelmissa\/\">: https:\/\/www.laakarilehti.fi\/tieteessa\/terveydenhuoltoartikkelit\/hoitoonohjaus-raskausajan-paihdeongelmissa\/<\/a><\/span><span style=\"color: #000000;font-family: Arial\">\u00a0<\/span><\/p>\n<p><span style=\"color: #000000;font-family: Arial\">Autti-R\u00e4m\u00f6, I. 2011. FASDin historia ja yleisyys. Teoksessa Vaarla, S. (toim.) Alkoholin vaurioittamat \u2013 Raskauden aikaisen alkoholink\u00e4yt\u00f6n vaikutukset lapsen el\u00e4m\u00e4\u00e4n. 2. painos. Helsinki: Kehitysvammaliitto ry.\u00a0<\/span><\/p>\n<p><span style=\"color: #000000;font-family: Arial\">\u00a0<\/span><span style=\"color: #000000;font-family: Arial\">Dahl, P. &amp; Hirschovits, T. 2002. T\u00e4st\u00e4 on kyse &#8211; \u00ad\u00ad\u00ad\u00ad\u00ad\u00ad\u00ad\u00ad\u00ad\u00ad\u00ad\u00ad\u00ad\u00ad\u00ad<sup><span style=\"font-size: small\">\u00ad<\/span><\/sup>tietoa p\u00e4ihteist\u00e4. 4. uudistettu painos. Helsinki: YAD.<\/span><\/p>\n<p><span style=\"color: #000000;font-family: Arial\">\u00a0<\/span><span style=\"font-family: Arial\"><span style=\"color: #000000\">Ensi- ja turvakotien liitto. P\u00e4ihteet odotus- ja vauva-aikana. WWW-dokumentti. Saatavissa: <\/span><a href=\"https:\/\/ensijaturvakotienliitto.fi\/tukea-ammattilaiselle\/paihteet-odotus-ja-vauva-aikana\/\">https:\/\/ensijaturvakotienliitto.fi\/tukea-ammattilaiselle\/paihteet-odotus-ja-vauva-aikana\/<\/a><\/span><span style=\"color: #000000;font-family: Arial\">\u00a0<\/span><\/p>\n<p><span style=\"color: #000000;font-family: Arial\">\u00a0<\/span><span style=\"margin: 0px;line-height: 150%;font-family: 'Arial',sans-serif;font-size: 12pt\"><span style=\"color: #000000\">Ensi- ja turvakotien liitto. Ensikodit ja vauvaperheiden auttaminen. WWW-dokumentti. Saatavissa: <\/span><a href=\"https:\/\/ensijaturvakotienliitto.fi\/tietoa-liitosta\/nain-me-autamme\/ensikodit_ja_vauvaperheet\/#ensikodit\">https:\/\/ensijaturvakotienliitto.fi\/tietoa-liitosta\/nain-me-autamme\/ensikodit_ja_vauvaperheet\/#ensikodit<\/a><\/span><\/p>\n<p><span style=\"font-family: Arial\"><span style=\"color: #000000\"><span lang=\"EN-US\">Forray, A. 2016. Substance use during pregnancy. <\/span>WWW-dokumentti. Saatavissa: <\/span><a href=\"https:\/\/www.ncbi.nlm.nih.gov\/pmc\/articles\/PMC4870985\/\">https:\/\/www.ncbi.nlm.nih.gov\/pmc\/articles\/PMC4870985\/<\/a><\/span><span style=\"color: #000000;font-family: Arial\">\u00a0<\/span><\/p>\n<p><span style=\"color: #000000;font-family: Arial\">\u00a0<\/span><span style=\"font-family: Arial\"><span style=\"color: #000000\">Hakkarainen, P., Kaprio, J., Pirkola, S., Sepp\u00e4l\u00e4, T., Soikkeli, M. &amp; Suvisaari, J. 2014. Kannabis ja terveys. WWW-dokumentti. Saatavissa: <\/span><a href=\"https:\/\/www.julkari.fi\/bitstream\/handle\/10024\/116243\/Kannabis_ja_terveys_taitto_2014.pdf?sequence=3\">https:\/\/www.julkari.fi\/bitstream\/handle\/10024\/116243\/Kannabis_ja_terveys_taitto_2014.pdf?sequence=3<\/a><\/span><span style=\"color: #000000;font-family: Arial\">\u00a0<\/span><\/p>\n<p><span style=\"color: #000000;font-family: Arial\">\u00a0<\/span><span style=\"color: #000000;font-family: Arial\">Halmesm\u00e4ki, E. 1999. Alkoholin suurkuluttajan ja narkomaanin tunnistaminen ja hoito \u00e4itiysneuvolassa ja synnytyssairaalassa. Saarij\u00e4rvi: Gummerus.\u00a0<\/span><\/p>\n<p><span style=\"color: #000000;font-family: Arial\">\u00a0<\/span><span style=\"color: #000000;font-family: Arial\">Halmesm\u00e4ki, E. 2003. Huumeet, lis\u00e4\u00e4ntyminen ja raskaus. Teoksessa Salaspuro, M., Kiianmaa, K. &amp; Sepp\u00e4, K. (toim.) P\u00e4ihdel\u00e4\u00e4ketiede. 2. uudistettu painos. Jyv\u00e4skyl\u00e4: Gummerus kirjapaino Oy, 525-530.\u00a0<\/span><\/p>\n<p><span style=\"color: #000000;font-family: Arial\">\u00a0<\/span><span style=\"font-family: Arial\"><span style=\"color: #000000\">Halmesm\u00e4ki, E. &amp; Autti-R\u00e4m\u00f6, I. 2005. Fetaalialkoholisyndrooma: voidaanko lapsen ennustetta parantaa? WWW-dokumentti. Saatavissa: <\/span><a href=\"http:\/\/www.duodecimlehti.fi\/api\/pdf\/duo94715\">http:\/\/www.duodecimlehti.fi\/api\/pdf\/duo94715<\/a><\/span><span style=\"color: #000000;font-family: Arial\">\u00a0<\/span><\/p>\n<p><span style=\"color: #000000;font-family: Arial\">\u00a0<\/span><span style=\"font-family: Arial\"><span style=\"color: #000000\">HUS. Raskaus, imetys ja huumeet. WWW-dokumentti. Saatavissa: <\/span><a href=\"http:\/\/www.hus.fi\/sairaanhoito\/sairaanhoitopalvelut\/teratologinen-tietopalvelu\/paihteet\/Sivut\/Huumeet.aspx\">http:\/\/www.hus.fi\/sairaanhoito\/sairaanhoitopalvelut\/teratologinen-tietopalvelu\/paihteet\/Sivut\/Huumeet.aspx<\/a><\/span><\/p>\n<p><span style=\"color: #000000;font-family: Arial\">\u00a0<\/span><span style=\"color: #000000;font-family: Arial\"><span style=\"margin: 0px;line-height: 150%;font-family: 'Arial',sans-serif;font-size: 12pt\"><span style=\"color: #000000\">HUS. HAL-vastaanotto: erityispoliklinikka huume-, alkoholi- tai l\u00e4\u00e4keongelmaisille raskaana oleville. WWW-dokumentti. Saatavissa: <\/span><a href=\"http:\/\/www.hus.fi\/sairaanhoito\/sairaanhoitopalvelut\/synnytykset\/vauvamatkalla\/sairaalakaynnit\/aitiyspoliklinikkakaynnit\/hal-vastaanotto\/Sivut\/default.aspx\">http:\/\/www.hus.fi\/sairaanhoito\/sairaanhoitopalvelut\/synnytykset\/vauvamatkalla\/sairaalakaynnit\/aitiyspoliklinikkakaynnit\/hal-vastaanotto\/Sivut\/default.aspx<\/a><\/span><\/span><\/p>\n<p><span style=\"font-family: Arial\"><span style=\"color: #000000\">Kahila, H. 2016. Raskaana oleva p\u00e4ihteidenk\u00e4ytt\u00e4j\u00e4. Terveysportti. WWW-dokumentti. Saatavissa: <\/span><a href=\"http:\/\/www.terveysportti.fi.ezproxy.xamk.fi:2048\/dtk\/ltk\/koti?p_artikkeli=ykt00643&amp;p_haku=raskaana%20oleva\">http:\/\/www.terveysportti.fi.ezproxy.xamk.fi:2048\/dtk\/ltk\/koti?p_artikkeli=ykt00643&amp;p_haku=raskaana%20oleva<\/a><\/span><span style=\"color: #000000;font-family: Arial\">\u00a0<\/span><\/p>\n<p><span style=\"color: #000000;font-family: Arial\">\u00a0<\/span><span style=\"margin: 0px;line-height: 150%;font-family: 'Arial',sans-serif;font-size: 12pt\"><span style=\"color: #000000\">Kansallinen \u00e4itiyshuollon asiantuntijaryhm\u00e4, Klemetti, R. &amp; Hakulinen-Viitanen, T. (toim.) 2013. \u00c4itiysneuvolaopas. Suosituksia \u00e4itiysneuvolatoimintaan. WWW-dokumentti. Saatavissa: <\/span><a href=\"http:\/\/www.julkari.fi\/bitstream\/handle\/10024\/110521\/THL_OPA2013_029_verkko.pdf?sequence=3\">http:\/\/www.julkari.fi\/bitstream\/handle\/10024\/110521\/THL_OPA2013_029_verkko.pdf?sequence=3<\/a><\/span><\/p>\n<p><span style=\"font-family: Arial\"><span style=\"color: #000000\"><span lang=\"EN-US\">Kelly, L., Minty, B., Madden, S., Dooley, J. &amp; Antone, I. 2011. The occasional management of narcotic exposure in neonates. <\/span>WWW-dokumentti. Saatavissa: <\/span><a href=\"http:\/\/dolor.org.co\/articulos\/Expocision%20narcoticos%20neonatos.pdf\">http:\/\/dolor.org.co\/articulos\/Expocision%20narcoticos%20neonatos.pdf<\/a><\/span><span style=\"color: #000000;font-family: Arial\">\u00a0<\/span><\/p>\n<p><span style=\"color: #000000;font-family: Arial\">\u00a0<\/span><span style=\"color: #000000;font-family: Arial\">Keski-Kohtam\u00e4ki R. 2015. P\u00e4ihteet ja raskaus. Teoksessa Paananen, U., Pietil\u00e4inen, S., Raussi-Lehto, E. &amp; \u00c4im\u00e4l\u00e4, A. (toim.) K\u00e4til\u00f6ty\u00f6 \u2013 Raskaus, synnytys ja lapsivuodeaika. 6. uudistettu painos. Keuruu: Otava Oy.<\/span><\/p>\n<p><span style=\"color: #000000;font-family: Arial\">\u00a0<\/span><span style=\"color: #000000;font-family: Arial\">Koponen, A. 2004. Kotu-tutkimuksia. Vaietut kohtalot \u2013 siki\u00f6aikana p\u00e4ihteille altistuneet lapset. Helsinki: Kehitysvammaliitto ry.\u00a0<\/span><\/p>\n<p><span style=\"color: #000000;font-family: Arial\">\u00a0<\/span><span style=\"font-family: Arial\"><span style=\"color: #000000\">K\u00e4yp\u00e4 hoito 2012. Huumeongelmaisen hoito. WWW-dokumentti. Saatavissa: <\/span><a href=\"http:\/\/www.kaypahoito.fi\/web\/kh\/suositukset\/suositus;jsessionid=8D4ED08A117C34CEB48906340A2CB444?id=hoi50041&amp;versio=pdf\">http:\/\/www.kaypahoito.fi\/web\/kh\/suositukset\/suositus;jsessionid=8D4ED08A117C34CEB48906340A2CB444?id=hoi50041&amp;versio=pdf<\/a><\/span><span style=\"color: #000000;font-family: Arial\">\u00a0<\/span><\/p>\n<p><span style=\"color: #000000;font-family: Arial\">\u00a0<\/span><span style=\"margin: 0px;line-height: 150%;font-family: 'Arial',sans-serif;font-size: 12pt\"><span style=\"color: #000000\">K\u00e4yp\u00e4 hoito 2012. Buprenorfiini- tai metadonikorvaushoito ja imetys. WWW-dokumentti. Saatavissa: <\/span><a href=\"http:\/\/www.kaypahoito.fi\/web\/kh\/suositukset\/suositus?id=nak07774\">http:\/\/www.kaypahoito.fi\/web\/kh\/suositukset\/suositus?id=nak07774<\/a><\/span><\/p>\n<p><span style=\"font-family: Arial\"><span style=\"color: #000000\">Malm, H., V\u00e4h\u00e4kangas, K., Enkovaara, A.\u00a0 &amp; Pelkonen, O. 2008. L\u00e4\u00e4kkeet raskauden ja imetyksen aikana. WWW-dokumentti. Saatavissa: <\/span><a href=\"http:\/\/www.fimea.fi\/documents\/160140\/753095\/17161_raskaus2r.pdf\">http:\/\/www.fimea.fi\/documents\/160140\/753095\/17161_raskaus2r.pdf<\/a><\/span><span style=\"color: #000000;font-family: Arial\">\u00a0<\/span><\/p>\n<p><span style=\"color: #000000;font-family: Arial\">\u00a0<\/span><span style=\"font-family: Arial\"><span style=\"color: #000000\">M\u00e4kel\u00e4, P.&amp; \u00d6sterberg, E. 2016. Alkoholinkulutus, juomatavat ja alkoholipolitiikka. L\u00e4\u00e4k\u00e4rilehti 6\/2016. WWW-dokumentti. Saatavissa: <\/span><a href=\"http:\/\/www.laakarilehti.fi\/tieteessa\/katsausartikkeli\/alkoholinkulutus-juomatavat-ja-alkoholipolitiikka\/?public=e57295e6e7598e2a4bf7689f7ce3a4a8\">http:\/\/www.laakarilehti.fi\/tieteessa\/katsausartikkeli\/alkoholinkulutus-juomatavat-ja-alkoholipolitiikka\/?public=e57295e6e7598e2a4bf7689f7ce3a4a8<\/a><\/span><span style=\"color: #000000;font-family: Arial\">\u00a0<\/span><\/p>\n<p><span style=\"color: #000000;font-family: Arial\">\u00a0<\/span><span style=\"color: #000000;font-family: Arial\">Ojanen, M. 2006. \u00c4iti korvaushoidossa. Teoksessa N\u00e4tkin, R. (toim.) Pullo, pillerit ja perhe \u2013 Vanhemmuus ja p\u00e4ihdeongelmat. Juva: PS-kustannus.\u00a0<\/span><\/p>\n<p><span style=\"color: #000000;font-family: Arial\">\u00a0<\/span><span style=\"font-family: Arial\"><span style=\"color: #000000\">Ollgren, J., Forsell, M., Varjonen, V., Alho, H., Brummer-Korvenkontio, H., Kainulainen, H., Karjalainen, K., Kotovirta, E., Partanen, A., R\u00f6nk\u00e4, S., Sepp\u00e4l\u00e4, T. &amp; Virtanen, A. 2014. Amfetamiinien ja opioidien ongelmak\u00e4yt\u00f6n yleisyys Suomessa 2014. WWW-dokumentti. Saatavissa: <\/span><a href=\"http:\/\/www.julkari.fi\/bitstream\/handle\/10024\/116870\/ollgren.pdf?sequence2\">http:\/\/www.julkari.fi\/bitstream\/handle\/10024\/116870\/ollgren.pdf?sequence2<\/a><\/span><span style=\"color: #000000;font-family: Arial\">\u00a0<\/span><\/p>\n<p><span style=\"color: #000000;font-family: Arial\">\u00a0<\/span><span style=\"color: #000000;font-family: Arial\">Partanen, A., Holmeberg, J., Inkinen, M., Kurki, M. &amp; Salo-Chydenius, S. 2015. P\u00e4ihdehoitoty\u00f6. 1. painos. Helsinki: Sanoma Pro Oy.\u00a0<\/span><\/p>\n<p><span style=\"color: #000000;font-family: Arial\">\u00a0<span style=\"margin: 0px;line-height: 150%;font-family: 'Arial',sans-serif;font-size: 12pt\"><span style=\"color: #000000\">Partanen, A., Vorma, H., Alho, H. &amp; Leppo, A. 2014. Opioidiriippuvuuden l\u00e4\u00e4kkeellinen vieroitus- ja korvaushoito Suomessa \u2013 Terveydenhuoltotutkimus. WWW-dokumentti. Saatavissa: <\/span><a href=\"http:\/\/www.laakarilehti.fi.ezproxy.xamk.fi:2048\/pdf\/2014\/SLL72014-481.pdf\">http:\/\/www.laakarilehti.fi.ezproxy.xamk.fi:2048\/pdf\/2014\/SLL72014-481.pdf<\/a><\/span><\/span><\/p>\n<p><span style=\"margin: 0px;line-height: 150%;font-family: 'Arial',sans-serif;font-size: 12pt\"><span style=\"color: #000000\">P\u00e4ihdehuoltolaki 17.1.1986\/41. Finlex. WWW-dokumentti. Saatavissa: <\/span><a href=\"https:\/\/www.finlex.fi\/fi\/laki\/ajantasa\/1986\/19860041#L2\">https:\/\/www.finlex.fi\/fi\/laki\/ajantasa\/1986\/19860041#L2<\/a><\/span><\/p>\n<p><span style=\"margin: 0px;line-height: 150%;font-family: 'Arial',sans-serif;font-size: 12pt\"><span style=\"color: #000000\">Sepp\u00e4, K., Aalto, M., Alho, H. &amp; Kiianmaa, K. (toim.) 2012. Huume- ja l\u00e4\u00e4keriippuvuudet. 1. painos. Saarij\u00e4rvi: Saarij\u00e4rvi offset Oy.<\/span><\/span><\/p>\n<p><span style=\"font-family: Arial\"><span style=\"color: #000000\">Sosiaali- ja terveysministeri\u00f6 2009. Raskaana olevien p\u00e4ihdeongelmaisten naisten hoidon varmistaminen. Ty\u00f6ryhm\u00e4n raportti. WWW-dokumentti. Saatavissa: <\/span><a href=\"https:\/\/thl.fi\/documents\/10542\/473773\/raskaana%20olevien%20p\u00e4ihdeongelmaisten%20naisten%20hoito.pdf\">https:\/\/thl.fi\/documents\/10542\/473773\/raskaana%20olevien%20p\u00e4ihdeongelmaisten%20naisten%20hoito.pdf<\/a><\/span><span style=\"color: #000000;font-family: Arial\"> [viitattu 19.2.2018]<\/span><\/p>\n<p><span lang=\"EN-US\" style=\"margin: 0px;line-height: 150%;font-family: 'Arial',sans-serif;font-size: 12pt\"><span style=\"color: #000000\">Sto<\/span><\/span><span lang=\"EN-US\" style=\"margin: 0px;line-height: 150%;font-family: 'Arial',sans-serif;font-size: 12pt\"><span style=\"color: #000000\">ver, M. &amp; Davis, J. 2015. Opioids in pregnancy and neonatal abstinence syndrome. <\/span><\/span><span style=\"margin: 0px;line-height: 150%;font-family: 'Arial',sans-serif;font-size: 12pt\"><span style=\"color: #000000\">WWW-dokumentti. Saatavissa:\u00a0 <\/span><a href=\"http:\/\/www.seminperinat.com\/article\/S0146-0005(15)00104-4\/pdf\">http:\/\/www.seminperinat.com\/article\/S0146-0005(15)00104-4\/pdf<\/a><\/span><\/p>\n<p><span style=\"margin: 0px;line-height: 150%;font-family: 'Arial',sans-serif;font-size: 12pt\"><span style=\"color: #000000\">Sutinen, T. 2010. Hoitomalli \u00e4itiys- ja lastenneuvolassa asioivien p\u00e4ihteit\u00e4 k\u00e4ytt\u00e4vien naisten hoitoty\u00f6h\u00f6n. It\u00e4-Suomen yliopisto. Hoitotieteen laitos. V\u00e4it\u00f6stutkimus. WWW-dokumentti. Saatavissa: <\/span><a href=\"http:\/\/epublications.uef.fi\/pub\/urn_isbn_978-952-61-0196-5\/urn_isbn_978-952-61-0196-5.pdf\">http:\/\/epublications.uef.fi\/pub\/urn_isbn_978-952-61-0196-5\/urn_isbn_978-952-61-0196-5.pdf<\/a><\/span><\/p>\n<p><span style=\"margin: 0px;line-height: 150%;font-family: 'Arial',sans-serif;font-size: 12pt\"><span style=\"color: #000000\">Terveyden- ja hyvinvoinnin laitos 2017. P\u00e4ihdehuollon huumeasiakkaat 2016. WWW-dokumentti. Saatavissa: <\/span><a href=\"http:\/\/www.julkari.fi\/bitstream\/handle\/10024\/135474\/Tr36_17.pdf?sequence=4\">http:\/\/www.julkari.fi\/bitstream\/handle\/10024\/135474\/Tr36_17.pdf?sequence=4<\/a><\/span><\/p>\n<p><span style=\"margin: 0px;line-height: 150%;font-family: 'Arial',sans-serif;font-size: 12pt\"><span style=\"color: #000000\">Terveyden- ja hyvinvoinnin laitos 2015. Imetys ja alkoholi. Lastenneuvolak\u00e4sikirja. WWW-dokumentti. Saatavissa: <\/span><a href=\"https:\/\/thl.fi\/fi\/web\/lastenneuvolakasikirja\/tietopaketit\/imetys\/imetys-ja-alkoholi\">https:\/\/thl.fi\/fi\/web\/lastenneuvolakasikirja\/tietopaketit\/imetys\/imetys-ja-alkoholi<\/a><\/span><\/p>\n<p><span style=\"margin: 0px;line-height: 150%;font-family: 'Arial',sans-serif;font-size: 12pt\"><span style=\"color: #000000\">Tuominen, S. 2010. \u201dOotko yht\u00e4\u00e4n ottanu nyt?\u201d Alkoholink\u00e4yt\u00f6st\u00e4 keskusteleminen \u00e4itiysneuvolan ensik\u00e4ynnill\u00e4. Tampereen yliopisto. Terveystieteen laitos. Pro gradu. WWW-dokumentti. Saatavissa: <\/span><a href=\"https:\/\/tampub.uta.fi\/bitstream\/handle\/10024\/81920\/gradu04545.pdf?sequence=1\">https:\/\/tampub.uta.fi\/bitstream\/handle\/10024\/81920\/gradu04545.pdf?sequence=1<\/a><\/span><\/p>\n<p><span style=\"margin: 0px;line-height: 150%;font-family: 'Arial',sans-serif;font-size: 12pt\"><span style=\"color: #000000\">Vaarla, S. (toim.) 2011. Alkoholin vaurioittamat- Raskaudenaikaisen alkoholink\u00e4yt\u00f6n vaikutukset lapsen el\u00e4m\u00e4\u00e4n. 2. painos. Helsinki: Kehitysvammaliitto ry. <\/span><\/span><\/p>\n<p><span style=\"margin: 0px;line-height: 150%;font-family: 'Arial',sans-serif;font-size: 12pt\"><span style=\"color: #000000\">Vaittinen, P. 2011. Luottamus terveydenhoitajan ja perheen asiakassuhteen moraalisena ulottuvuutena. It\u00e4-Suomen yliopisto. Terveystieteiden yksikk\u00f6. V\u00e4it\u00f6stutkimus. WWW-dokumentti. Saatavissa: <\/span><a href=\"http:\/\/epublications.uef.fi\/pub\/urn_isbn_978-952-61-0574-1\/urn_isbn_978-952-61-0574-1.pdf\">http:\/\/epublications.uef.fi\/pub\/urn_isbn_978-952-61-0574-1\/urn_isbn_978-952-61-0574-1.pdf<\/a><\/span><\/p>\n<p><span style=\"margin: 0px;line-height: 150%;font-family: 'Arial',sans-serif;font-size: 12pt\"><span style=\"color: #000000\">Varjonen, V. 2015. Huumetilanne Suomessa 2014. Terveyden- ja hyvinvoinnin laitos. WWW-dokumentti. Saatavissa: <\/span><a href=\"http:\/\/www.julkari.fi\/bitstream\/handle\/10024\/125568\/THL_RAPO1_2015_web%20%281%29.pdf\">http:\/\/www.julkari.fi\/bitstream\/handle\/10024\/125568\/THL_RAPO1_2015_web%20%281%29.pdf<\/a><\/span><\/p>\n<p><span lang=\"EN-US\" style=\"margin: 0px;line-height: 150%;font-family: 'Arial',sans-serif;font-size: 12pt\"><span style=\"color: #000000\">Zimmermann-Baer, U., N\u00f6tzli, U., Rentsch, K. &amp; Bucher, H. 2009. Finnegan neonatal abstinence scoring system: normal values for \ufb01rst 3 days and weeks 5\u20136 in non-addicted infants. <\/span><\/span><span style=\"margin: 0px;line-height: 150%;font-family: 'Arial',sans-serif;font-size: 12pt\"><span style=\"color: #000000\">WWW-dokumentti. Saatavissa: <\/span><a href=\"https:\/\/pdfs.semanticscholar.org\/e134\/c40334089cc7f7f057de12f719e1590ff1b6.pdf\">https:\/\/pdfs.semanticscholar.org\/e134\/c40334089cc7f7f057de12f719e1590ff1b6.pdf<\/a><\/span><\/p>\n<p>&nbsp;<\/p>\n<p>&nbsp;<\/p>\n<p>&nbsp;<\/p>\n","protected":false},"excerpt":{"rendered":"<p>&nbsp; Alaja, R. &amp; Tuomiranta, H. 2004. Hoitoonohjaus raskausajan p\u00e4ihdeongelmissa. L\u00e4\u00e4k\u00e4rilehti 39\/2004. WWW-dokumentti. Saatavissa: https:\/\/www.laakarilehti.fi\/tieteessa\/terveydenhuoltoartikkelit\/hoitoonohjaus-raskausajan-paihdeongelmissa\/\u00a0 Autti-R\u00e4m\u00f6, I. 2011. FASDin historia ja yleisyys. Teoksessa Vaarla, S. (toim.) Alkoholin vaurioittamat \u2013 Raskauden aikaisen alkoholink\u00e4yt\u00f6n vaikutukset lapsen el\u00e4m\u00e4\u00e4n. 2. painos. Helsinki: Kehitysvammaliitto ry.\u00a0 \u00a0Dahl, P. &amp; Hirschovits, T. 2002. T\u00e4st\u00e4 on kyse &#8211; \u00ad\u00ad\u00ad\u00ad\u00ad\u00ad\u00ad\u00ad\u00ad\u00ad\u00ad\u00ad\u00ad\u00ad\u00ad\u00adtietoa p\u00e4ihteist\u00e4. 4. uudistettu painos. &hellip; <a href=\"https:\/\/blogit.xamk.fi\/raskausjapaihteet\/lahteet\/\" class=\"more-link\">Jatka lukemista <span class=\"screen-reader-text\">L\u00e4hteet<\/span> <span class=\"meta-nav\">&rarr;<\/span><\/a><\/p>\n","protected":false},"author":190,"featured_media":0,"parent":0,"menu_order":0,"comment_status":"closed","ping_status":"closed","template":"","meta":{"inline_featured_image":false,"footnotes":""},"class_list":["post-53","page","type-page","status-publish","hentry"],"_links":{"self":[{"href":"https:\/\/blogit.xamk.fi\/raskausjapaihteet\/wp-json\/wp\/v2\/pages\/53","targetHints":{"allow":["GET"]}}],"collection":[{"href":"https:\/\/blogit.xamk.fi\/raskausjapaihteet\/wp-json\/wp\/v2\/pages"}],"about":[{"href":"https:\/\/blogit.xamk.fi\/raskausjapaihteet\/wp-json\/wp\/v2\/types\/page"}],"author":[{"embeddable":true,"href":"https:\/\/blogit.xamk.fi\/raskausjapaihteet\/wp-json\/wp\/v2\/users\/190"}],"replies":[{"embeddable":true,"href":"https:\/\/blogit.xamk.fi\/raskausjapaihteet\/wp-json\/wp\/v2\/comments?post=53"}],"version-history":[{"count":4,"href":"https:\/\/blogit.xamk.fi\/raskausjapaihteet\/wp-json\/wp\/v2\/pages\/53\/revisions"}],"predecessor-version":[{"id":185,"href":"https:\/\/blogit.xamk.fi\/raskausjapaihteet\/wp-json\/wp\/v2\/pages\/53\/revisions\/185"}],"wp:attachment":[{"href":"https:\/\/blogit.xamk.fi\/raskausjapaihteet\/wp-json\/wp\/v2\/media?parent=53"}],"curies":[{"name":"wp","href":"https:\/\/api.w.org\/{rel}","templated":true}]}}