{"id":52,"date":"2018-04-23T12:06:09","date_gmt":"2018-04-23T09:06:09","guid":{"rendered":"http:\/\/blogit.xamk.fi\/raskausjapaihteet\/?page_id=52"},"modified":"2018-11-05T13:40:56","modified_gmt":"2018-11-05T11:40:56","slug":"paihteet-ja-imetys","status":"publish","type":"page","link":"https:\/\/blogit.xamk.fi\/raskausjapaihteet\/paihteet-ja-imetys\/","title":{"rendered":"P\u00e4ihteet ja imetys"},"content":{"rendered":"<p><strong>Alkoholi<\/strong><\/p>\n<ul>\n<li>Kohtuullinen ja ep\u00e4s\u00e4\u00e4nn\u00f6llinen alkoholin k\u00e4ytt\u00f6 ei ole este imetykselle<\/li>\n<li>Runsasta alkoholin k\u00e4ytt\u00f6\u00e4 tulee v\u00e4ltt\u00e4\u00e4 imetysaikana<\/li>\n<li>Alkoholipitoisuus on suurimmillaan \u00e4idinmaidossa n. 30-60 minuutin kuluttua alkoholin nauttimisesta<\/li>\n<li>Imett\u00e4minen on turvallista kun kaikki alkoholi on poistunut verest\u00e4<\/li>\n<\/ul>\n<p><strong>Kannabis<\/strong><\/p>\n<ul>\n<li>Kannabis kertyy \u00e4idinmaitoon ja sen pitoisuus voi olla maidossa moninkertainen verrattuna \u00e4idin verenkiertoon &#8211;&gt; Vauva voi saada kannabiksen ainesosia \u00e4idinmaidon mukana<\/li>\n<li>Kannabiksen k\u00e4ytt\u00e4jille ei suositella imett\u00e4mist\u00e4<\/li>\n<\/ul>\n<p><strong>Amfetamiini<\/strong><\/p>\n<ul>\n<li>Amfetamiini erittyy \u00e4idinmaitoon ja imett\u00e4misen seurauksena lapselle voi aiheutua \u00e4rtyisyytt\u00e4, itkuisuutta ja levottomuutta<\/li>\n<li>Amfetamiinin k\u00e4ytt\u00e4jille ei suositella imett\u00e4mist\u00e4<\/li>\n<\/ul>\n<p><img loading=\"lazy\" decoding=\"async\" class=\"alignnone wp-image-198\" src=\"http:\/\/blogit.xamk.fi\/raskausjapaihteet\/wp-content\/uploads\/sites\/42\/2018\/10\/44372874_156619271957797_2272341697369210880_n-2-124x300.jpg\" alt=\"\" width=\"142\" height=\"344\" srcset=\"https:\/\/blogit.xamk.fi\/raskausjapaihteet\/wp-content\/uploads\/sites\/42\/2018\/10\/44372874_156619271957797_2272341697369210880_n-2-124x300.jpg 124w, https:\/\/blogit.xamk.fi\/raskausjapaihteet\/wp-content\/uploads\/sites\/42\/2018\/10\/44372874_156619271957797_2272341697369210880_n-2-422x1024.jpg 422w, https:\/\/blogit.xamk.fi\/raskausjapaihteet\/wp-content\/uploads\/sites\/42\/2018\/10\/44372874_156619271957797_2272341697369210880_n-2.jpg 510w\" sizes=\"auto, (max-width: 142px) 100vw, 142px\" \/><\/p>\n<p><strong>Opioidit<\/strong><\/p>\n<ul>\n<li>Suuret opioidiannokset (opioidien v\u00e4\u00e4rink\u00e4yt\u00f6ss\u00e4) erittyv\u00e4t suoraan \u00e4idinmaitoon ja ovat t\u00e4ll\u00f6in este imetykselle<\/li>\n<li>Jos \u00e4iti on buprenorfiini korvaushoidossa, imett\u00e4minen on mahdollista<\/li>\n<li>Korvaushoitol\u00e4\u00e4kkeen\u00e4 k\u00e4ytettyn\u00e4 buprenorfiinia erittyy \u00e4idinmaitoon hyvin v\u00e4h\u00e4n ja sill\u00e4 ei ole todettu olevan vaikutuksia lapseen<\/li>\n<li>Korvaushoidossa olevan \u00e4idin imett\u00e4misen edellytyksen\u00e4 on, ett\u00e4 \u00e4iti on tiiviiss\u00e4 p\u00e4ihdehoidossa ja lapsen vointia seurataan<\/li>\n<li>\u00c4idin B- tai C-hepatiitti tartunta ei est\u00e4 \u00e4iti\u00e4 imett\u00e4m\u00e4st\u00e4<\/li>\n<li>Hiv-positiivisen \u00e4idin imetys on kielletty<\/li>\n<\/ul>\n<p>&nbsp;<\/p>\n","protected":false},"excerpt":{"rendered":"<p>Alkoholi Kohtuullinen ja ep\u00e4s\u00e4\u00e4nn\u00f6llinen alkoholin k\u00e4ytt\u00f6 ei ole este imetykselle Runsasta alkoholin k\u00e4ytt\u00f6\u00e4 tulee v\u00e4ltt\u00e4\u00e4 imetysaikana Alkoholipitoisuus on suurimmillaan \u00e4idinmaidossa n. 30-60 minuutin kuluttua alkoholin nauttimisesta Imett\u00e4minen on turvallista kun kaikki alkoholi on poistunut verest\u00e4 Kannabis Kannabis kertyy \u00e4idinmaitoon ja sen pitoisuus voi olla maidossa moninkertainen verrattuna \u00e4idin verenkiertoon &#8211;&gt; Vauva voi saada kannabiksen ainesosia &hellip; <a href=\"https:\/\/blogit.xamk.fi\/raskausjapaihteet\/paihteet-ja-imetys\/\" class=\"more-link\">Jatka lukemista <span class=\"screen-reader-text\">P\u00e4ihteet ja imetys<\/span> <span class=\"meta-nav\">&rarr;<\/span><\/a><\/p>\n","protected":false},"author":190,"featured_media":0,"parent":0,"menu_order":0,"comment_status":"closed","ping_status":"closed","template":"","meta":{"inline_featured_image":false,"footnotes":""},"class_list":["post-52","page","type-page","status-publish","hentry"],"_links":{"self":[{"href":"https:\/\/blogit.xamk.fi\/raskausjapaihteet\/wp-json\/wp\/v2\/pages\/52","targetHints":{"allow":["GET"]}}],"collection":[{"href":"https:\/\/blogit.xamk.fi\/raskausjapaihteet\/wp-json\/wp\/v2\/pages"}],"about":[{"href":"https:\/\/blogit.xamk.fi\/raskausjapaihteet\/wp-json\/wp\/v2\/types\/page"}],"author":[{"embeddable":true,"href":"https:\/\/blogit.xamk.fi\/raskausjapaihteet\/wp-json\/wp\/v2\/users\/190"}],"replies":[{"embeddable":true,"href":"https:\/\/blogit.xamk.fi\/raskausjapaihteet\/wp-json\/wp\/v2\/comments?post=52"}],"version-history":[{"count":8,"href":"https:\/\/blogit.xamk.fi\/raskausjapaihteet\/wp-json\/wp\/v2\/pages\/52\/revisions"}],"predecessor-version":[{"id":212,"href":"https:\/\/blogit.xamk.fi\/raskausjapaihteet\/wp-json\/wp\/v2\/pages\/52\/revisions\/212"}],"wp:attachment":[{"href":"https:\/\/blogit.xamk.fi\/raskausjapaihteet\/wp-json\/wp\/v2\/media?parent=52"}],"curies":[{"name":"wp","href":"https:\/\/api.w.org\/{rel}","templated":true}]}}