{"id":51,"date":"2018-04-23T12:06:09","date_gmt":"2018-04-23T09:06:09","guid":{"rendered":"http:\/\/blogit.xamk.fi\/raskausjapaihteet\/?page_id=51"},"modified":"2018-11-05T13:40:22","modified_gmt":"2018-11-05T11:40:22","slug":"paihteiden-vaikutus-vastasyntyneeseen","status":"publish","type":"page","link":"https:\/\/blogit.xamk.fi\/raskausjapaihteet\/paihteiden-vaikutus-vastasyntyneeseen\/","title":{"rendered":"P\u00e4ihteiden vaikutus vastasyntyneeseen"},"content":{"rendered":"<ul>\n<li>\u00c4idin raskauden aikaisella p\u00e4ihteiden k\u00e4yt\u00f6ll\u00e4 on todettu olevan monia haittavaikutuksia vastasyntyneen lapsen el\u00e4m\u00e4\u00e4n sek\u00e4 my\u00f6hemp\u00e4\u00e4n kehitykseen<\/li>\n<li>Suurimmat vauriot aiheutuvat raskauden aikaisesta alkoholin k\u00e4yt\u00f6st\u00e4<\/li>\n<\/ul>\n<p>&nbsp;<\/p>\n<p><img loading=\"lazy\" decoding=\"async\" class=\"wp-image-196 aligncenter\" src=\"http:\/\/blogit.xamk.fi\/raskausjapaihteet\/wp-content\/uploads\/sites\/42\/2018\/10\/44281366_2406610739381638_2585563702237331456_n-2-225x300.jpg\" alt=\"\" width=\"234\" height=\"312\" srcset=\"https:\/\/blogit.xamk.fi\/raskausjapaihteet\/wp-content\/uploads\/sites\/42\/2018\/10\/44281366_2406610739381638_2585563702237331456_n-2-225x300.jpg 225w, https:\/\/blogit.xamk.fi\/raskausjapaihteet\/wp-content\/uploads\/sites\/42\/2018\/10\/44281366_2406610739381638_2585563702237331456_n-2-768x1024.jpg 768w\" sizes=\"auto, (max-width: 234px) 100vw, 234px\" \/><\/p>\n<p>&nbsp;<\/p>\n<p>&nbsp;<\/p>\n<p>&nbsp;<\/p>\n<p>&nbsp;<\/p>\n<p>&nbsp;<\/p>\n","protected":false},"excerpt":{"rendered":"<p>\u00c4idin raskauden aikaisella p\u00e4ihteiden k\u00e4yt\u00f6ll\u00e4 on todettu olevan monia haittavaikutuksia vastasyntyneen lapsen el\u00e4m\u00e4\u00e4n sek\u00e4 my\u00f6hemp\u00e4\u00e4n kehitykseen Suurimmat vauriot aiheutuvat raskauden aikaisesta alkoholin k\u00e4yt\u00f6st\u00e4 &nbsp; &nbsp; &nbsp; &nbsp; &nbsp; &nbsp;<\/p>\n","protected":false},"author":190,"featured_media":0,"parent":0,"menu_order":0,"comment_status":"closed","ping_status":"closed","template":"","meta":{"inline_featured_image":false,"footnotes":""},"class_list":["post-51","page","type-page","status-publish","hentry"],"_links":{"self":[{"href":"https:\/\/blogit.xamk.fi\/raskausjapaihteet\/wp-json\/wp\/v2\/pages\/51","targetHints":{"allow":["GET"]}}],"collection":[{"href":"https:\/\/blogit.xamk.fi\/raskausjapaihteet\/wp-json\/wp\/v2\/pages"}],"about":[{"href":"https:\/\/blogit.xamk.fi\/raskausjapaihteet\/wp-json\/wp\/v2\/types\/page"}],"author":[{"embeddable":true,"href":"https:\/\/blogit.xamk.fi\/raskausjapaihteet\/wp-json\/wp\/v2\/users\/190"}],"replies":[{"embeddable":true,"href":"https:\/\/blogit.xamk.fi\/raskausjapaihteet\/wp-json\/wp\/v2\/comments?post=51"}],"version-history":[{"count":5,"href":"https:\/\/blogit.xamk.fi\/raskausjapaihteet\/wp-json\/wp\/v2\/pages\/51\/revisions"}],"predecessor-version":[{"id":207,"href":"https:\/\/blogit.xamk.fi\/raskausjapaihteet\/wp-json\/wp\/v2\/pages\/51\/revisions\/207"}],"wp:attachment":[{"href":"https:\/\/blogit.xamk.fi\/raskausjapaihteet\/wp-json\/wp\/v2\/media?parent=51"}],"curies":[{"name":"wp","href":"https:\/\/api.w.org\/{rel}","templated":true}]}}