{"id":50,"date":"2018-04-23T12:06:09","date_gmt":"2018-04-23T09:06:09","guid":{"rendered":"http:\/\/blogit.xamk.fi\/raskausjapaihteet\/?page_id=50"},"modified":"2018-04-24T15:12:11","modified_gmt":"2018-04-24T12:12:11","slug":"paihteiden-vaikutus-sikioon","status":"publish","type":"page","link":"https:\/\/blogit.xamk.fi\/raskausjapaihteet\/paihteiden-vaikutus-sikioon\/","title":{"rendered":"P\u00e4ihteiden vaikutus siki\u00f6\u00f6n"},"content":{"rendered":"<ul>\n<li>P\u00e4ihteist\u00e4 alkoholi aiheuttaa eniten vaurioita siki\u00f6lle<\/li>\n<li>Alkoholin k\u00e4ytt\u00f6 raskausaikana on l\u00e4nsimaissa yksi suurimpia kehitysvammaisuuden aiheuttajia<\/li>\n<li>Nyky\u00e4\u00e4n my\u00f6s huumausaineiden k\u00e4ytt\u00f6 raskausaikana on lis\u00e4\u00e4ntynyt<\/li>\n<\/ul>\n","protected":false},"excerpt":{"rendered":"<p>P\u00e4ihteist\u00e4 alkoholi aiheuttaa eniten vaurioita siki\u00f6lle Alkoholin k\u00e4ytt\u00f6 raskausaikana on l\u00e4nsimaissa yksi suurimpia kehitysvammaisuuden aiheuttajia Nyky\u00e4\u00e4n my\u00f6s huumausaineiden k\u00e4ytt\u00f6 raskausaikana on lis\u00e4\u00e4ntynyt<\/p>\n","protected":false},"author":190,"featured_media":0,"parent":0,"menu_order":0,"comment_status":"closed","ping_status":"closed","template":"","meta":{"inline_featured_image":false,"footnotes":""},"class_list":["post-50","page","type-page","status-publish","hentry"],"_links":{"self":[{"href":"https:\/\/blogit.xamk.fi\/raskausjapaihteet\/wp-json\/wp\/v2\/pages\/50","targetHints":{"allow":["GET"]}}],"collection":[{"href":"https:\/\/blogit.xamk.fi\/raskausjapaihteet\/wp-json\/wp\/v2\/pages"}],"about":[{"href":"https:\/\/blogit.xamk.fi\/raskausjapaihteet\/wp-json\/wp\/v2\/types\/page"}],"author":[{"embeddable":true,"href":"https:\/\/blogit.xamk.fi\/raskausjapaihteet\/wp-json\/wp\/v2\/users\/190"}],"replies":[{"embeddable":true,"href":"https:\/\/blogit.xamk.fi\/raskausjapaihteet\/wp-json\/wp\/v2\/comments?post=50"}],"version-history":[{"count":4,"href":"https:\/\/blogit.xamk.fi\/raskausjapaihteet\/wp-json\/wp\/v2\/pages\/50\/revisions"}],"predecessor-version":[{"id":175,"href":"https:\/\/blogit.xamk.fi\/raskausjapaihteet\/wp-json\/wp\/v2\/pages\/50\/revisions\/175"}],"wp:attachment":[{"href":"https:\/\/blogit.xamk.fi\/raskausjapaihteet\/wp-json\/wp\/v2\/media?parent=50"}],"curies":[{"name":"wp","href":"https:\/\/api.w.org\/{rel}","templated":true}]}}