{"id":49,"date":"2018-04-23T12:06:09","date_gmt":"2018-04-23T09:06:09","guid":{"rendered":"http:\/\/blogit.xamk.fi\/raskausjapaihteet\/?page_id=49"},"modified":"2018-11-05T11:59:03","modified_gmt":"2018-11-05T09:59:03","slug":"paihdeaidit-hoitotyon-asiakkaana","status":"publish","type":"page","link":"https:\/\/blogit.xamk.fi\/raskausjapaihteet\/paihdeaidit-hoitotyon-asiakkaana\/","title":{"rendered":"P\u00e4ihde\u00e4idit hoitoty\u00f6n asiakkaana"},"content":{"rendered":"<p><img loading=\"lazy\" decoding=\"async\" class=\"size-medium wp-image-208 alignleft\" src=\"http:\/\/blogit.xamk.fi\/raskausjapaihteet\/wp-content\/uploads\/sites\/42\/2018\/10\/44254560_2171951053020626_1915223816770945024_n-2-225x300.jpg\" alt=\"\" width=\"225\" height=\"300\" srcset=\"https:\/\/blogit.xamk.fi\/raskausjapaihteet\/wp-content\/uploads\/sites\/42\/2018\/10\/44254560_2171951053020626_1915223816770945024_n-2-225x300.jpg 225w, https:\/\/blogit.xamk.fi\/raskausjapaihteet\/wp-content\/uploads\/sites\/42\/2018\/10\/44254560_2171951053020626_1915223816770945024_n-2-768x1024.jpg 768w\" sizes=\"auto, (max-width: 225px) 100vw, 225px\" \/>Nyky\u00e4\u00e4n Suomessa on paljon p\u00e4ihteidenk\u00e4ytt\u00e4ji\u00e4, joista jopa kolmasosa on naisia. T\u00e4st\u00e4 johtuen p\u00e4ihteiden k\u00e4ytt\u00e4jien ja p\u00e4ihde\u00e4itien kanssa ty\u00f6skentelevien hoitajien on hyv\u00e4 tiet\u00e4\u00e4 p\u00e4ihteiden k\u00e4yt\u00f6n vaikutuksista. P\u00e4ihteiden k\u00e4ytt\u00e4jien tunnistaminen ja hoito ovat t\u00e4rke\u00e4ss\u00e4 osassa, jotta v\u00e4ltyt\u00e4\u00e4n suurimmilta vahingoilta. Erityisesti p\u00e4ihde\u00e4itej\u00e4 kohdataan neuvoloissa ja \u00e4itiyshuollossa, mutta p\u00e4ihteit\u00e4 k\u00e4ytt\u00e4vi\u00e4 naisia ja p\u00e4ihde\u00e4itej\u00e4 voi kohdata melkein miss\u00e4 tahansa, t\u00e4llaisia paikkoja voivat olla esimerkiksi synnytysosastot, lastenosastot ja p\u00e4ivystys.<\/p>\n","protected":false},"excerpt":{"rendered":"<p>Nyky\u00e4\u00e4n Suomessa on paljon p\u00e4ihteidenk\u00e4ytt\u00e4ji\u00e4, joista jopa kolmasosa on naisia. T\u00e4st\u00e4 johtuen p\u00e4ihteiden k\u00e4ytt\u00e4jien ja p\u00e4ihde\u00e4itien kanssa ty\u00f6skentelevien hoitajien on hyv\u00e4 tiet\u00e4\u00e4 p\u00e4ihteiden k\u00e4yt\u00f6n vaikutuksista. P\u00e4ihteiden k\u00e4ytt\u00e4jien tunnistaminen ja hoito ovat t\u00e4rke\u00e4ss\u00e4 osassa, jotta v\u00e4ltyt\u00e4\u00e4n suurimmilta vahingoilta. Erityisesti p\u00e4ihde\u00e4itej\u00e4 kohdataan neuvoloissa ja \u00e4itiyshuollossa, mutta p\u00e4ihteit\u00e4 k\u00e4ytt\u00e4vi\u00e4 naisia ja p\u00e4ihde\u00e4itej\u00e4 voi kohdata melkein miss\u00e4 tahansa, t\u00e4llaisia &hellip; <a href=\"https:\/\/blogit.xamk.fi\/raskausjapaihteet\/paihdeaidit-hoitotyon-asiakkaana\/\" class=\"more-link\">Jatka lukemista <span class=\"screen-reader-text\">P\u00e4ihde\u00e4idit hoitoty\u00f6n asiakkaana<\/span> <span class=\"meta-nav\">&rarr;<\/span><\/a><\/p>\n","protected":false},"author":190,"featured_media":0,"parent":0,"menu_order":0,"comment_status":"closed","ping_status":"closed","template":"","meta":{"inline_featured_image":false,"footnotes":""},"class_list":["post-49","page","type-page","status-publish","hentry"],"_links":{"self":[{"href":"https:\/\/blogit.xamk.fi\/raskausjapaihteet\/wp-json\/wp\/v2\/pages\/49","targetHints":{"allow":["GET"]}}],"collection":[{"href":"https:\/\/blogit.xamk.fi\/raskausjapaihteet\/wp-json\/wp\/v2\/pages"}],"about":[{"href":"https:\/\/blogit.xamk.fi\/raskausjapaihteet\/wp-json\/wp\/v2\/types\/page"}],"author":[{"embeddable":true,"href":"https:\/\/blogit.xamk.fi\/raskausjapaihteet\/wp-json\/wp\/v2\/users\/190"}],"replies":[{"embeddable":true,"href":"https:\/\/blogit.xamk.fi\/raskausjapaihteet\/wp-json\/wp\/v2\/comments?post=49"}],"version-history":[{"count":9,"href":"https:\/\/blogit.xamk.fi\/raskausjapaihteet\/wp-json\/wp\/v2\/pages\/49\/revisions"}],"predecessor-version":[{"id":217,"href":"https:\/\/blogit.xamk.fi\/raskausjapaihteet\/wp-json\/wp\/v2\/pages\/49\/revisions\/217"}],"wp:attachment":[{"href":"https:\/\/blogit.xamk.fi\/raskausjapaihteet\/wp-json\/wp\/v2\/media?parent=49"}],"curies":[{"name":"wp","href":"https:\/\/api.w.org\/{rel}","templated":true}]}}