{"id":110,"date":"2018-04-23T14:54:55","date_gmt":"2018-04-23T11:54:55","guid":{"rendered":"http:\/\/blogit.xamk.fi\/raskausjapaihteet\/?page_id=110"},"modified":"2018-04-24T15:11:29","modified_gmt":"2018-04-24T12:11:29","slug":"paihdeaidin-hoito","status":"publish","type":"page","link":"https:\/\/blogit.xamk.fi\/raskausjapaihteet\/paihdeaidin-hoito\/","title":{"rendered":"P\u00e4ihde\u00e4idin hoito"},"content":{"rendered":"<ul>\n<li>Vuonna 2016 p\u00e4ihdehoitoon hakeutuneista asiakkaista 77% k\u00e4ytti opioideja, 52% stimulantteja ja 52% kannabista<\/li>\n<li>Yleisimmin k\u00e4ytetty stimulantti on amfetamiini ja yleisimmin k\u00e4ytetty opioidi buprenorfiini (esim. Subutex)<\/li>\n<\/ul>\n<p><strong>Hoidon kulmakivet:<\/strong><\/p>\n<ul>\n<li>Yksil\u00f6llisyys<\/li>\n<li>Avoimuus<\/li>\n<li>My\u00f6nteisyys<\/li>\n<li>Varmuus<\/li>\n<li>Kuunteleminen<\/li>\n<li>Ymm\u00e4rt\u00e4minen<\/li>\n<\/ul>\n<p>&nbsp;<\/p>\n<ul>\n<li>Hyv\u00e4ss\u00e4 hoidossa t\u00e4rkeint\u00e4 on hyv\u00e4 luottamussuhde<\/li>\n<li>Naisten hoitoa tukevat yksil\u00f6llinen hoitosuunnitelma sek\u00e4 yhteiskunnan tarjoama tuki<\/li>\n<li>Naisia kannustetaan p\u00e4ihteett\u00f6myyteen, mutta jos se ei onnistu, on t\u00e4rke\u00e4\u00e4 kannustaa naista v\u00e4hent\u00e4m\u00e4\u00e4n p\u00e4ihteiden k\u00e4ytt\u00f6\u00e4<\/li>\n<\/ul>\n<p>&nbsp;<\/p>\n<p><strong>P\u00e4ihde\u00e4ideille tehd\u00e4\u00e4n hoitoonohjaus:<\/strong><\/p>\n<ul>\n<li>Hoidon tarve m\u00e4\u00e4ritell\u00e4\u00e4n yksil\u00f6llisesti<\/li>\n<li>Hoito toteutetaan avohoitona esim. HAL-poliklinikalla<\/li>\n<li>Hoitoa voidaan antaa koko perheelle<\/li>\n<li>Vastuu hoitoon menemisell\u00e4 on \u00e4idill\u00e4 itsell\u00e4\u00e4n<\/li>\n<\/ul>\n<p>&nbsp;<\/p>\n<ul>\n<li>P\u00e4ihde\u00e4idist\u00e4 tulee aina tehd\u00e4 ennakollinen lastensuojeluilmoitus<\/li>\n<li>Tarvittaessa hoitohenkil\u00f6kunnan tulee kertoa mahdollisesta raskauden keskeytt\u00e4misen mahdollisuudesta<\/li>\n<li>Suomen lain mukaan raskaana olevaa p\u00e4ihteiden k\u00e4ytt\u00e4j\u00e4\u00e4 ei voida m\u00e4\u00e4r\u00e4t\u00e4 tahdonvastaiseen hoitoon<\/li>\n<li>Osana p\u00e4ihde\u00e4itien hoitoa toimivat ensi- ja turvakodit<\/li>\n<\/ul>\n<p>&nbsp;<\/p>\n<p><strong>Joissakin tilanteissa voidaan joutua turvautumaan raskausajan korvaushoitoon<\/strong>:<\/p>\n<ul>\n<li>Tilanteissa, joissa raskaana oleva on opioidiriippuvainen<\/li>\n<li>Korvaushoitol\u00e4\u00e4kkeen\u00e4 Buprenorfiini<\/li>\n<li>L\u00e4\u00e4kem\u00e4\u00e4r\u00e4t pieni\u00e4, joten riskit pienempi\u00e4 kuin opioidien hallitsemattomassa k\u00e4yt\u00f6ss\u00e4<\/li>\n<li>Yleens\u00e4 hoitoa jatketaan raskauden j\u00e4lkeen<\/li>\n<\/ul>\n<p>&nbsp;<\/p>\n","protected":false},"excerpt":{"rendered":"<p>Vuonna 2016 p\u00e4ihdehoitoon hakeutuneista asiakkaista 77% k\u00e4ytti opioideja, 52% stimulantteja ja 52% kannabista Yleisimmin k\u00e4ytetty stimulantti on amfetamiini ja yleisimmin k\u00e4ytetty opioidi buprenorfiini (esim. Subutex) Hoidon kulmakivet: Yksil\u00f6llisyys Avoimuus My\u00f6nteisyys Varmuus Kuunteleminen Ymm\u00e4rt\u00e4minen &nbsp; Hyv\u00e4ss\u00e4 hoidossa t\u00e4rkeint\u00e4 on hyv\u00e4 luottamussuhde Naisten hoitoa tukevat yksil\u00f6llinen hoitosuunnitelma sek\u00e4 yhteiskunnan tarjoama tuki Naisia kannustetaan p\u00e4ihteett\u00f6myyteen, mutta jos se &hellip; <a href=\"https:\/\/blogit.xamk.fi\/raskausjapaihteet\/paihdeaidin-hoito\/\" class=\"more-link\">Jatka lukemista <span class=\"screen-reader-text\">P\u00e4ihde\u00e4idin hoito<\/span> <span class=\"meta-nav\">&rarr;<\/span><\/a><\/p>\n","protected":false},"author":190,"featured_media":0,"parent":0,"menu_order":0,"comment_status":"closed","ping_status":"closed","template":"","meta":{"inline_featured_image":false,"footnotes":""},"class_list":["post-110","page","type-page","status-publish","hentry"],"_links":{"self":[{"href":"https:\/\/blogit.xamk.fi\/raskausjapaihteet\/wp-json\/wp\/v2\/pages\/110","targetHints":{"allow":["GET"]}}],"collection":[{"href":"https:\/\/blogit.xamk.fi\/raskausjapaihteet\/wp-json\/wp\/v2\/pages"}],"about":[{"href":"https:\/\/blogit.xamk.fi\/raskausjapaihteet\/wp-json\/wp\/v2\/types\/page"}],"author":[{"embeddable":true,"href":"https:\/\/blogit.xamk.fi\/raskausjapaihteet\/wp-json\/wp\/v2\/users\/190"}],"replies":[{"embeddable":true,"href":"https:\/\/blogit.xamk.fi\/raskausjapaihteet\/wp-json\/wp\/v2\/comments?post=110"}],"version-history":[{"count":9,"href":"https:\/\/blogit.xamk.fi\/raskausjapaihteet\/wp-json\/wp\/v2\/pages\/110\/revisions"}],"predecessor-version":[{"id":174,"href":"https:\/\/blogit.xamk.fi\/raskausjapaihteet\/wp-json\/wp\/v2\/pages\/110\/revisions\/174"}],"wp:attachment":[{"href":"https:\/\/blogit.xamk.fi\/raskausjapaihteet\/wp-json\/wp\/v2\/media?parent=110"}],"curies":[{"name":"wp","href":"https:\/\/api.w.org\/{rel}","templated":true}]}}