{"id":108,"date":"2018-04-23T14:54:42","date_gmt":"2018-04-23T11:54:42","guid":{"rendered":"http:\/\/blogit.xamk.fi\/raskausjapaihteet\/?page_id=108"},"modified":"2018-04-24T15:07:06","modified_gmt":"2018-04-24T12:07:06","slug":"paihteiden-kayton-tunnistaminen","status":"publish","type":"page","link":"https:\/\/blogit.xamk.fi\/raskausjapaihteet\/paihteiden-kayton-tunnistaminen\/","title":{"rendered":"P\u00e4ihteiden k\u00e4yt\u00f6n tunnistaminen"},"content":{"rendered":"<ul>\n<li>P\u00e4ihteiden ongelmak\u00e4ytt\u00f6\u00e4 voi olla joskus vaikeaa tunnistaa<\/li>\n<li>On olemassa erilaisia piirteit\u00e4, joiden avulla hoitohenkil\u00f6kunta voi tunnistaa p\u00e4ihteit\u00e4 k\u00e4ytt\u00e4v\u00e4n \u00e4idin:<\/li>\n<\/ul>\n<ol>\n<li>My\u00f6h\u00e4inen hakeutuminen neuvolaan<\/li>\n<li>Tapaamisiin saapumatta j\u00e4tt\u00e4minen<\/li>\n<li>Satunnaiset k\u00e4ynnit neuvolassa ilman perusteltua syyt\u00e4<\/li>\n<li>Aiempien lasten huostaanotto p\u00e4ihteiden takia<\/li>\n<li>\u00c4idin n\u00e4keminen p\u00e4ihtyneen\u00e4 esim. kaupungilla<\/li>\n<li>Raskaana olevan naisen HIV- tai C-hepatiittitartunta<\/li>\n<\/ol>\n<ul>\n<li>Alkoholin ongelmak\u00e4yt\u00f6n tunnistamisessa voidaan k\u00e4ytt\u00e4\u00e4 apuna AUDIT-kysely\u00e4<\/li>\n<li>My\u00f6s huumeiden k\u00e4yt\u00f6st\u00e4 tulee kysy\u00e4 aina vastaanotolla<\/li>\n<li>Tapaamisissa tulee esitt\u00e4\u00e4 mahdollisimman tarkkoja kysymyksi\u00e4, jolloin saadaan selville mahdollinen huumeongelma<\/li>\n<li>Tarvittaessa voidaan tehd\u00e4 huumeseulonta virtsasta<\/li>\n<li>Siki\u00f6n voinnin ja kasvun turvaamiseksi laaja terveystarkastus ja p\u00e4ihdekeskustelu tulee tehd\u00e4 heti ensimm\u00e4isell\u00e4 tai toisella \u00e4itiysneuvolak\u00e4ynnill\u00e4<\/li>\n<\/ul>\n","protected":false},"excerpt":{"rendered":"<p>P\u00e4ihteiden ongelmak\u00e4ytt\u00f6\u00e4 voi olla joskus vaikeaa tunnistaa On olemassa erilaisia piirteit\u00e4, joiden avulla hoitohenkil\u00f6kunta voi tunnistaa p\u00e4ihteit\u00e4 k\u00e4ytt\u00e4v\u00e4n \u00e4idin: My\u00f6h\u00e4inen hakeutuminen neuvolaan Tapaamisiin saapumatta j\u00e4tt\u00e4minen Satunnaiset k\u00e4ynnit neuvolassa ilman perusteltua syyt\u00e4 Aiempien lasten huostaanotto p\u00e4ihteiden takia \u00c4idin n\u00e4keminen p\u00e4ihtyneen\u00e4 esim. kaupungilla Raskaana olevan naisen HIV- tai C-hepatiittitartunta Alkoholin ongelmak\u00e4yt\u00f6n tunnistamisessa voidaan k\u00e4ytt\u00e4\u00e4 apuna AUDIT-kysely\u00e4 My\u00f6s &hellip; <a href=\"https:\/\/blogit.xamk.fi\/raskausjapaihteet\/paihteiden-kayton-tunnistaminen\/\" class=\"more-link\">Jatka lukemista <span class=\"screen-reader-text\">P\u00e4ihteiden k\u00e4yt\u00f6n tunnistaminen<\/span> <span class=\"meta-nav\">&rarr;<\/span><\/a><\/p>\n","protected":false},"author":190,"featured_media":0,"parent":0,"menu_order":0,"comment_status":"closed","ping_status":"closed","template":"","meta":{"inline_featured_image":false,"footnotes":""},"class_list":["post-108","page","type-page","status-publish","hentry"],"_links":{"self":[{"href":"https:\/\/blogit.xamk.fi\/raskausjapaihteet\/wp-json\/wp\/v2\/pages\/108","targetHints":{"allow":["GET"]}}],"collection":[{"href":"https:\/\/blogit.xamk.fi\/raskausjapaihteet\/wp-json\/wp\/v2\/pages"}],"about":[{"href":"https:\/\/blogit.xamk.fi\/raskausjapaihteet\/wp-json\/wp\/v2\/types\/page"}],"author":[{"embeddable":true,"href":"https:\/\/blogit.xamk.fi\/raskausjapaihteet\/wp-json\/wp\/v2\/users\/190"}],"replies":[{"embeddable":true,"href":"https:\/\/blogit.xamk.fi\/raskausjapaihteet\/wp-json\/wp\/v2\/comments?post=108"}],"version-history":[{"count":4,"href":"https:\/\/blogit.xamk.fi\/raskausjapaihteet\/wp-json\/wp\/v2\/pages\/108\/revisions"}],"predecessor-version":[{"id":171,"href":"https:\/\/blogit.xamk.fi\/raskausjapaihteet\/wp-json\/wp\/v2\/pages\/108\/revisions\/171"}],"wp:attachment":[{"href":"https:\/\/blogit.xamk.fi\/raskausjapaihteet\/wp-json\/wp\/v2\/media?parent=108"}],"curies":[{"name":"wp","href":"https:\/\/api.w.org\/{rel}","templated":true}]}}