{"id":106,"date":"2018-04-23T14:54:25","date_gmt":"2018-04-23T11:54:25","guid":{"rendered":"http:\/\/blogit.xamk.fi\/raskausjapaihteet\/?page_id=106"},"modified":"2018-04-24T15:05:59","modified_gmt":"2018-04-24T12:05:59","slug":"paihteita-kayttavat-naiset-asiakasryhmana","status":"publish","type":"page","link":"https:\/\/blogit.xamk.fi\/raskausjapaihteet\/paihteita-kayttavat-naiset-asiakasryhmana\/","title":{"rendered":"P\u00e4ihteit\u00e4 k\u00e4ytt\u00e4v\u00e4t naiset asiakasryhm\u00e4n\u00e4"},"content":{"rendered":"<p><strong>P\u00e4ihteit\u00e4 k\u00e4ytt\u00e4v\u00e4 nainen<\/strong><\/p>\n<ul>\n<li>Asiakaskuntana p\u00e4ihteit\u00e4 k\u00e4ytt\u00e4v\u00e4t naiset ovat haastava ryhm\u00e4<\/li>\n<li>Erityispiirteit\u00e4, joita erityisesti p\u00e4ihteit\u00e4 k\u00e4ytt\u00e4vien naisten hoidossa tulee ottaa huomioon:<\/li>\n<\/ul>\n<ol>\n<li>Naisten yhteiskunnallinen asema<\/li>\n<li>K\u00e4ytt\u00e4jien el\u00e4m\u00e4nkokemukset<\/li>\n<li>K\u00e4ytt\u00e4jien terveys<\/li>\n<li>K\u00e4ytt\u00e4jien sosiaaliset suhteet<\/li>\n<\/ol>\n<ul>\n<li>Yleens\u00e4 p\u00e4ihteit\u00e4 k\u00e4ytt\u00e4vill\u00e4 naisilla on my\u00f6s p\u00e4ihdeongelmainen kumppani<\/li>\n<li>P\u00e4ihdeongelmiin voi liitty\u00e4 my\u00f6s mielenterveysongelmia. Monesti p\u00e4ihdeongelmaiset naiset k\u00e4rsiv\u00e4t masennuksesta ja ahdistuksesta<\/li>\n<li>Yhteiskunnan asettamat roolit ja odotukset asettavat paineita naisia kohtaan &#8211;&gt; Naiset kokevat huonommuutta, koska eiv\u00e4t pysty vastaamaan yhteiskunnan vaatimuksiin<\/li>\n<\/ul>\n<p><strong>P\u00e4ihde\u00e4iti<\/strong><\/p>\n<ul>\n<li>P\u00e4ihdeongelmaisten naisten raskaudet ovat monesti suunnittelemattomia<\/li>\n<li>Naiset eiv\u00e4t v\u00e4ltt\u00e4m\u00e4tt\u00e4 edes huomaa olevansa raskaana sekavan el\u00e4m\u00e4ntilanteensa vuoksi<\/li>\n<li>P\u00e4ihde\u00e4idille on tyypillist\u00e4 my\u00f6h\u00e4inen hakeutuminen neuvolaan, mutta joskus he eiv\u00e4t hakeudu sinne ollenkaan<\/li>\n<li>Tyypillist\u00e4 on p\u00e4ihteiden k\u00e4yt\u00f6n v\u00e4h\u00e4ttely<\/li>\n<li>P\u00e4ihde\u00e4idit vaativat hoitohenkil\u00f6kunnalta paljon osaamista ja k\u00e4rsiv\u00e4llisyytt\u00e4<\/li>\n<li>Hoitohenkil\u00f6kunnan on t\u00e4rke\u00e4 muistaa, ett\u00e4 p\u00e4ihteiden k\u00e4yt\u00f6n riskit eiv\u00e4t rajoitu pelk\u00e4st\u00e4\u00e4n raskausaikaan<\/li>\n<li>Joissakin tapauksissa raskaus ja \u00e4itiys voivat olla motivaatio p\u00e4ihteiden k\u00e4yt\u00f6n lopettamiseen tai v\u00e4hent\u00e4miseen<\/li>\n<\/ul>\n<p>&nbsp;<\/p>\n","protected":false},"excerpt":{"rendered":"<p>P\u00e4ihteit\u00e4 k\u00e4ytt\u00e4v\u00e4 nainen Asiakaskuntana p\u00e4ihteit\u00e4 k\u00e4ytt\u00e4v\u00e4t naiset ovat haastava ryhm\u00e4 Erityispiirteit\u00e4, joita erityisesti p\u00e4ihteit\u00e4 k\u00e4ytt\u00e4vien naisten hoidossa tulee ottaa huomioon: Naisten yhteiskunnallinen asema K\u00e4ytt\u00e4jien el\u00e4m\u00e4nkokemukset K\u00e4ytt\u00e4jien terveys K\u00e4ytt\u00e4jien sosiaaliset suhteet Yleens\u00e4 p\u00e4ihteit\u00e4 k\u00e4ytt\u00e4vill\u00e4 naisilla on my\u00f6s p\u00e4ihdeongelmainen kumppani P\u00e4ihdeongelmiin voi liitty\u00e4 my\u00f6s mielenterveysongelmia. Monesti p\u00e4ihdeongelmaiset naiset k\u00e4rsiv\u00e4t masennuksesta ja ahdistuksesta Yhteiskunnan asettamat roolit ja odotukset &hellip; <a href=\"https:\/\/blogit.xamk.fi\/raskausjapaihteet\/paihteita-kayttavat-naiset-asiakasryhmana\/\" class=\"more-link\">Jatka lukemista <span class=\"screen-reader-text\">P\u00e4ihteit\u00e4 k\u00e4ytt\u00e4v\u00e4t naiset asiakasryhm\u00e4n\u00e4<\/span> <span class=\"meta-nav\">&rarr;<\/span><\/a><\/p>\n","protected":false},"author":190,"featured_media":0,"parent":0,"menu_order":0,"comment_status":"closed","ping_status":"closed","template":"","meta":{"inline_featured_image":false,"footnotes":""},"class_list":["post-106","page","type-page","status-publish","hentry"],"_links":{"self":[{"href":"https:\/\/blogit.xamk.fi\/raskausjapaihteet\/wp-json\/wp\/v2\/pages\/106","targetHints":{"allow":["GET"]}}],"collection":[{"href":"https:\/\/blogit.xamk.fi\/raskausjapaihteet\/wp-json\/wp\/v2\/pages"}],"about":[{"href":"https:\/\/blogit.xamk.fi\/raskausjapaihteet\/wp-json\/wp\/v2\/types\/page"}],"author":[{"embeddable":true,"href":"https:\/\/blogit.xamk.fi\/raskausjapaihteet\/wp-json\/wp\/v2\/users\/190"}],"replies":[{"embeddable":true,"href":"https:\/\/blogit.xamk.fi\/raskausjapaihteet\/wp-json\/wp\/v2\/comments?post=106"}],"version-history":[{"count":5,"href":"https:\/\/blogit.xamk.fi\/raskausjapaihteet\/wp-json\/wp\/v2\/pages\/106\/revisions"}],"predecessor-version":[{"id":170,"href":"https:\/\/blogit.xamk.fi\/raskausjapaihteet\/wp-json\/wp\/v2\/pages\/106\/revisions\/170"}],"wp:attachment":[{"href":"https:\/\/blogit.xamk.fi\/raskausjapaihteet\/wp-json\/wp\/v2\/media?parent=106"}],"curies":[{"name":"wp","href":"https:\/\/api.w.org\/{rel}","templated":true}]}}