{"id":77,"date":"2010-12-07T11:47:21","date_gmt":"2010-12-07T08:47:21","guid":{"rendered":"http:\/\/blogit.kyamk.fi\/optek\/?page_id=77"},"modified":"2010-12-07T11:47:21","modified_gmt":"2010-12-07T08:47:21","slug":"yhteystiedot","status":"publish","type":"page","link":"https:\/\/blogit.xamk.fi\/kirpa\/yhteystiedot\/","title":{"rendered":"Yhteystiedot"},"content":{"rendered":"<p>Kaakkois-Suomen ammattikorkeakoulun Kirjasto- ja oppimisteknologiapalvelut eli Kirpa on mukana erilaisissa sosiaalisen median palveluissa. Liity faniksemme Facebookissa.<\/p>\n<p>Kirpan Facebook-fanisivusto: <a href=\"http:\/\/www.facebook.com\/xamkkirpa\" target=\"_blank\">http:\/\/www.facebook.com\/xamkkirpa<\/a><\/p>\n<p>RSS<br \/>\nKirpan blogin rss-sy\u00f6tteen osoite: <a href=\"http:\/\/blogit.kyamk.fi\/kirpa\/feed\/\" target=\"_blank\">http:\/\/blogit.kyamk.fi\/kirpa\/feed\/<\/a><\/p>\n<p><strong><br \/>\nYHTEYDENOTOT<\/strong><\/p>\n<p>Tavoitat Kirjasto- ja oppimisteknologiapalveluiden henkil\u00f6kunnan parhaiten Helpdesk-j\u00e4rjestelm\u00e4n kautta osoitteessa <a href=\"http:\/\/helpdesk.kyamk.fi\" target=\"_blank\">http:\/\/helpdesk.kyamk.fi<\/a>. Valitse <em>L\u00e4het\u00e4 tukipyynt\u00f6<\/em> -osiosta <em>Oppimisteknologiakeskus<\/em>.<br \/>\n<strong><\/strong><\/p>\n<p>&nbsp;<\/p>\n","protected":false},"excerpt":{"rendered":"<p>Kaakkois-Suomen ammattikorkeakoulun Kirjasto- ja oppimisteknologiapalvelut eli Kirpa on mukana erilaisissa sosiaalisen median palveluissa. Liity faniksemme Facebookissa. Kirpan Facebook-fanisivusto: http:\/\/www.facebook.com\/xamkkirpa RSS Kirpan blogin rss-sy\u00f6tteen osoite: http:\/\/blogit.kyamk.fi\/kirpa\/feed\/ YHTEYDENOTOT Tavoitat Kirjasto- ja oppimisteknologiapalveluiden henkil\u00f6kunnan parhaiten Helpdesk-j\u00e4rjestelm\u00e4n kautta osoitteessa http:\/\/helpdesk.kyamk.fi. Valitse L\u00e4het\u00e4 tukipyynt\u00f6 -osiosta Oppimisteknologiakeskus. &nbsp;<\/p>\n","protected":false},"author":7,"featured_media":0,"parent":0,"menu_order":0,"comment_status":"open","ping_status":"open","template":"","meta":{"inline_featured_image":false,"footnotes":""},"class_list":["post-77","page","type-page","status-publish","hentry"],"_links":{"self":[{"href":"https:\/\/blogit.xamk.fi\/kirpa\/wp-json\/wp\/v2\/pages\/77","targetHints":{"allow":["GET"]}}],"collection":[{"href":"https:\/\/blogit.xamk.fi\/kirpa\/wp-json\/wp\/v2\/pages"}],"about":[{"href":"https:\/\/blogit.xamk.fi\/kirpa\/wp-json\/wp\/v2\/types\/page"}],"author":[{"embeddable":true,"href":"https:\/\/blogit.xamk.fi\/kirpa\/wp-json\/wp\/v2\/users\/7"}],"replies":[{"embeddable":true,"href":"https:\/\/blogit.xamk.fi\/kirpa\/wp-json\/wp\/v2\/comments?post=77"}],"version-history":[{"count":0,"href":"https:\/\/blogit.xamk.fi\/kirpa\/wp-json\/wp\/v2\/pages\/77\/revisions"}],"wp:attachment":[{"href":"https:\/\/blogit.xamk.fi\/kirpa\/wp-json\/wp\/v2\/media?parent=77"}],"curies":[{"name":"wp","href":"https:\/\/api.w.org\/{rel}","templated":true}]}}