{"id":879,"date":"2016-12-22T12:18:50","date_gmt":"2016-12-22T10:18:50","guid":{"rendered":"http:\/\/blogit.xamk.fi\/ekampus\/?page_id=879"},"modified":"2025-06-05T13:22:30","modified_gmt":"2025-06-05T10:22:30","slug":"verkko-ope-seminaari","status":"publish","type":"page","link":"https:\/\/blogit.xamk.fi\/ekampus\/verkko-ope-seminaari\/","title":{"rendered":"Digi.peda -seminaari"},"content":{"rendered":"\n<p><strong>Digi.peda\u00a0-seminaari<\/strong>\u00a0on vuosittain toistuva tapahtuma, jossa esitell\u00e4\u00e4n digiopetuksen uusia tuulia ja jaetaan hyvi\u00e4 k\u00e4yt\u00e4nt\u00f6j\u00e4. Seminaarissa my\u00f6s julkistetaan vuoden Digiope -palkinnon saaja.\u00a0<strong>Vuoden 2025 Digi.peda -seminaari j\u00e4rjestettiin 12.5.2024\u00a0klo 9<\/strong> alkaen\u00a0verkkoseminaarina (Teams). Seminaari oli osa Kurssit kuntoon syksyksi -teemaviikkoa. <\/p>\n\n\n\n<p>Seminaari on\u00a0<strong>maksuton\u00a0<\/strong>ja avoin kaikille verkko-opetuksesta ja sen kehitt\u00e4misest\u00e4 kiinnostuneille opettajille, hallinnon edustajille sek\u00e4 opiskelijoille Kaakkois-Suomen ammattikorkeakoulussa. My\u00f6s yhteisty\u00f6kumppanien edustajat ovat tervetulleita osallistumaan. Seminaarin toteutuksesta vastaa E-kampus -yksikk\u00f6. <\/p>\n\n\n\n<h1 class=\"wp-block-heading\">Digi.peda-seminaari 2025<\/h1>\n\n\n\n<p>T\u00e4n\u00e4 vuonna seminaarissa syvennyttiin kokemukselliseen oppimiseen ja oppimiskokemuksen rakentumiseen. Keynote-puheenvuoro kuultiin kokemukselliseen oppimiseen liittyen Maanpuolustuskorkeakoululta. Seminaarissa julkistettiin my\u00f6s t\u00e4m\u00e4n vuoden Digiope-palkinnon saaja.<\/p>\n\n\n\n<p><strong>klo 9:00 Seminaarin aloitus<\/strong>, avauspuheenvuoro koulutusalajohtaja Juho Rajala<\/p>\n\n\n\n<p><strong>klo 9:15-10:15 Keynote-puheenvuoro.<\/strong> Satu-Tuulia Vuoksenranta ja Armi-Kaarina Kurjenniemi-Nurmi, Maanpuolustuskorkeakoulu: Kokemuksellinen oppiminen verkossa<\/p>\n\n\n\n<p><strong>klo<\/strong> <strong>10:15-10:30 Tauko <\/strong><\/p>\n\n\n\n<p><strong>klo 10:30-11:00 Digiope2024 palkinto<\/strong>: Julkistetaan ja palkitaan Xamkin vuoden 2024 Digiope-palkintojen saajat.<\/p>\n\n\n\n<p><strong>klo 11:00-12:30 Tauko <\/strong><\/p>\n\n\n\n<p><strong>klo 12:30-14:00<\/strong> <strong>Kokemuksellinen oppiminen Xamkissa:<\/strong> esimerkkej\u00e4 ja paneelikeskustelu<\/p>\n\n\n\n<p><strong>klo 14:00- Seminaarin p\u00e4\u00e4t\u00f6s<\/strong><\/p>\n\n\n\n<p><\/p>\n\n\n\n<p>Otathan yhteytt\u00e4, jos her\u00e4\u00e4 kysytt\u00e4v\u00e4\u00e4:<br>Verkko-opetuksen koordinaattori Karita Tammelin, karita.tammelin@xamk.fi.<\/p>\n\n\n\n<div style=\"height:16px\" aria-hidden=\"true\" class=\"wp-block-spacer\"><\/div>\n\n\n\n<hr class=\"wp-block-separator has-alpha-channel-opacity is-style-wide\" \/>\n\n\n\n<p><\/p>\n\n\n\n<p><\/p>\n\n\n\n<h1 class=\"wp-block-heading\">Digi.peda 2024 -seminaari<\/h1>\n\n\n\n<p><strong>Teko\u00e4ly tulevaisuuden oppimisessa ja ty\u00f6ss\u00e4: N\u00e4k\u00f6kulmia muutokseen ja mahdollisuuksiin<\/strong><\/p>\n\n\n\n<p><strong>9:00 Seminaarin avaus<\/strong><\/p>\n\n\n\n<p>Avauspuheenvuoro, opetuksen kehitysp\u00e4\u00e4llikk\u00f6 Mari H\u00e4m\u00e4l\u00e4inen<\/p>\n\n\n\n<p><strong>9:30 Teko\u00e4lyn k\u00e4ytt\u00f6 opetusty\u00f6ss\u00e4: FT Lauri J\u00e4rvilehto<\/strong><\/p>\n\n\n\n<p>Lauri J\u00e4rvilehto on filosofi, kirjailija ja muusikko ja toimii Aalto-yliopistossa ty\u00f6el\u00e4m\u00e4professorina. J\u00e4rvilehto k\u00e4sittelee teko\u00e4ly\u00e4 erityisesti ajattelun kehitt\u00e4misen ja ty\u00f6el\u00e4m\u00e4n murroksen n\u00e4k\u00f6kulmista k\u00e4yt\u00e4nn\u00f6nl\u00e4heisesti. Seminaarissa J\u00e4rvilehto k\u00e4sittelee puheenvuorossaan teko\u00e4lyn hy\u00f6dynt\u00e4mist\u00e4 korkeakouluymp\u00e4rist\u00f6ss\u00e4 ja opetusty\u00f6ss\u00e4.&nbsp;<\/p>\n\n\n\n<p><strong>10:40 Digiope2023 -palkintojen jako<\/strong><\/p>\n\n\n\n<p>Julkistetaan ja palkitaan Xamkin vuoden 2023 Digiope-palkintojen saajat.<\/p>\n\n\n\n<p><strong>11-12 Tauko<\/strong><\/p>\n\n\n\n<p><strong>12-13 Hyv\u00e4t k\u00e4yt\u00e4nn\u00f6t<\/strong>,&nbsp;joissa p\u00e4\u00e4sev\u00e4t esille Xamkin Digiope -\u00e4\u00e4nestyksess\u00e4 esiin nousseet osaajat ja hyv\u00e4t k\u00e4yt\u00e4nn\u00f6t. T\u00e4ll\u00e4 kertaa kuullaan kolmen verkkototeutuksen esittelyt.<\/p>\n\n\n\n<p><strong>13:15-14:30 Kokemuksia ja oivalluksia teko\u00e4lyst\u00e4<\/strong><\/p>\n\n\n\n<p>Seminaarin iltap\u00e4iv\u00e4ss\u00e4 kuullaan, mink\u00e4laisia asioita Xamkissa on t\u00e4ss\u00e4 vaiheessa kokeiltu ja opittu teko\u00e4lyn hy\u00f6dynt\u00e4miseen liittyen. Kokemuksistaan kertovat lehtori Jukka Selin informaatioteknologian koulutusyksik\u00f6st\u00e4, TKI-asiantuntija V\u00e4in\u00f6 Toots liiketalouden koulutusyksik\u00f6st\u00e4, lehtori Anna Forsstr\u00f6m s\u00e4hk\u00f6-, talo- ja materiaalitekniikan koulutusyksik\u00f6st\u00e4 ja lehtori Sanna Niemel\u00e4 liiketalouden koulutusyksik\u00f6st\u00e4.<\/p>\n\n\n\n<p><strong>14:30-14:45 Seminaarin&nbsp;p\u00e4\u00e4t\u00f6s&nbsp;ja loppupuheenvuoro<\/strong><\/p>\n\n\n\n<p>Otathan yhteytt\u00e4, jos her\u00e4\u00e4 kysytt\u00e4v\u00e4\u00e4:<br>Verkko-opetuksen koordinaattori Karita Tammelin, karita.tammelin@xamk.fi.<\/p>\n\n\n<\/p>\n<hr \/>\n<h1>Digi.peda 2023 -seminaarin ohjelmarunko<\/h1>\n<p><strong>Kohti vuorovaikutteisempaa verkko-opetusta<\/strong><\/p>\n<p>Aika: 22.5.2023 klo 9.30 &#8211; 15.00, verkossa<\/p>\n<p><strong>9.30<\/strong>\u00a0 <strong>Avauspuheenvuoro <\/strong>muutoskoordinaattori, Mirva Pilli-Sihvola<\/p>\n<p><strong>10.00 Vuorovaikutteisesti verkko-opetusta<br \/><\/strong><em>TtM, Heli Tyrv\u00e4inen, Jyv\u00e4skyl\u00e4n yliopisto, avoin yliopisto<\/em><br \/><em>KT, Leena Valkonen, Jyv\u00e4skyl\u00e4n yliopisto, avoin yliopisto<\/em><br \/><em>KT, Sanna Uotinen, Jyv\u00e4skyl\u00e4n yliopisto, avoin yliopisto<\/em><br \/>Heli, Leena ja Sanna ovat toimineet pitk\u00e4\u00e4n eri oppiaineiden verkko-opettajina sek\u00e4 tutkineet ja julkaisseet tutkimusartikkeleita verkko-opiskelun vuorovaikutuksesta. Tutkiessaan verkko-opetuksen vuorovaikutusta he ovat pohtineet kysymyksi\u00e4 kuten &#8221;Millaista vuorovaikutusta verkossa voi olla, miten olla l\u00e4sn\u00e4 verkossa ja miten verkossa opiskeltaessa rakennetaan luottamusta, kuunnellaan tai tullaan kuulluksi? &#8221;.\u00a0<\/p>\n<p><strong>11.15 <\/strong><strong>Digiope 2022 -palkinnon jakaminen<br \/><\/strong>Julkistetaan ja palkitaan vuoden 2022 Digiope-palkinnon ja kunniamainintojen saajat.<\/p>\n<p><strong>11.45<\/strong> <strong>Tauko<\/strong>\u00a0<\/p>\n<p><strong>12.30 Hyv\u00e4t k\u00e4yt\u00e4nn\u00f6t<\/strong> , joissa p\u00e4\u00e4sev\u00e4t esille Xamkin Digiope -\u00e4\u00e4nestyksess\u00e4 esiin nousseet osaajat ja hyv\u00e4t k\u00e4yt\u00e4nn\u00f6t. Kolmen verkkototeutuksen esittely opettajien itsens\u00e4 toimesta.\u00a0<\/p>\n<p><strong>13.45 Ty\u00f6paja- \/ verkostoitumissessiot.<\/strong> Tule keskustelemaan ja vaihtamaan ideoita sinua kiinnostavasta teemasta kollegoiden ja asiantuntijoiden kanssa.<\/p>\n<ul>\n<li><strong>Ty\u00f6paja A: Vuorovaikutuksen ja osallistumisen mahdollisuudet Teamsissa<\/strong> Kiinnostaako Teamsin mahdollisuudet vuorovaikutuksen ja osallistumisen rakentamisessa? Kokeillaan Teamsin erilaisia toimintoja ja pohditaan miten niit\u00e4 voisi hy\u00f6dynt\u00e4\u00e4 opetustilanteissa. Tervetuloa mukaan kokeilemaan ja innostumaan.\u00a0<\/li>\n<li><strong><strong>Ty\u00f6paja B: Vuorovaikutusta Zoomin ty\u00f6kaluilla <\/strong><\/strong>Tule tutustumaan Zoomin vuorovaikutuksellisiin toimintoihin ja kuulemaan esimerkeist\u00e4, joilla n\u00e4it\u00e4 ty\u00f6kaluja on k\u00e4ytetty Xamkin opetuksessa.\u00a0 Zoomin k\u00e4ytt\u00f6 on hyvin helppoa, ja sis\u00e4lt\u00e4\u00e4 monia etuja Teamsiin verraten. Tilaisuus on ty\u00f6pajatyylinen, joten p\u00e4\u00e4set itse kokeilemaan osallistujana monia ominaisuuksia ja vinkkej\u00e4.\u00a0<\/li>\n<li><strong>Ty\u00f6paja C: Ohjaavien tekstien merkitys verkko-opintojaksolla <\/strong><span class=\"ui-provider hb b c d e f g h i j k l m n o p q r s t u v w x y z ab ac ae af ag ah ai aj ak\" dir=\"ltr\">T\u00e4ss\u00e4 ty\u00f6pajassa tarkastellaan verkko-opintojaksoja ja nostetaan niist\u00e4 kehitt\u00e4misen paikkoja ohjatun parity\u00f6skentelyn avulla. Harjoituksen j\u00e4lkeen tunnistat, miten suunnitelmallisella ohjaavien tekstien k\u00e4yt\u00f6ll\u00e4 voit luoda my\u00f6nteisen opiskelukokemuksen ja tukea ohjautumista verkko-opintojaksolla. Valmistaudu ty\u00f6pajaan miettim\u00e4ll\u00e4, mit\u00e4 opintojaksoasi haluat avata tarkastelulle.\u00a0<\/span><\/li>\n<\/ul>\n<p><strong style=\"font-size: revert\">14.45 P\u00e4iv\u00e4n yhteenveto<br \/><\/strong>Mit\u00e4 t\u00e4n\u00e4\u00e4n opimme? Miten jatkaa oppimista? Mit\u00e4 toiveita ensi vuodelle?<\/p>\n<p>Seminaari on <strong>maksuton <\/strong>ja avoin kaikille verkko-opetuksesta ja sen kehitt\u00e4misest\u00e4 kiinnostuneille opettajille, hallinnon edustajille sek\u00e4 opiskelijoille Kaakkois-Suomen ammattikorkeakoulussa. My\u00f6s yhteisty\u00f6kumppanien edustajat ovat tervetulleita osallistumaan. Seminaarin toteutuksesta vastaa E-kampus -yksikk\u00f6 yhteisty\u00f6ss\u00e4 digimentorien kanssa.<\/p>\n<p>Ilmoittaudu mukaan: <a href=\"https:\/\/teams.microsoft.com\/registration\/vNbINpjpkEGmn8E0JAY0Yw%2cbSOMbIJT_0KLFtgm0CzVGA%2clgK-A_iYqEi_e1BEkAcwXw%2cxMigveG9C0uXnIu6k6itvA%2chx4Lwnr2MEmNYz0Lik0AuA%2c4ERRrJads0GLFMRjF1L5mg?mode=read&amp;tenantId=36c8d6bc-e998-4190-a69f-c13424063463\">Ilmoittautumislomake Digi.peda-seminaari 2023<\/a>.\u00a0<\/p>\n<p>Kysytt\u00e4v\u00e4\u00e4? Ota yhteytt\u00e4<br \/>Verkko-opetuksen koordinaattori Karita Tammelin, karita.tammelin@xamk.fi.<\/p>\n<hr \/>\n<h1>\u00a0<\/h1>\n<h1>Digi.peda 2022 -seminaarin ohjelmarunko<\/h1>\n<p><strong>Digioppiminen eilen, t\u00e4n\u00e4\u00e4n ja huomenna<\/strong> <br \/>Aika: 16.5.2022 klo 9.30 &#8211; 15.00, verkossa<\/p>\n<p><strong>9.30<\/strong>\u00a0 <strong>Avauspuheenvuoro <\/strong>varatoimitusjohtaja, vararehtori Mirja Toikka<\/p>\n<p><strong>9.45 Johdattelu p\u00e4iv\u00e4n teemaan <\/strong>verkkopedagogi, oppimisen asiantuntija Anne Rongas, Pedapoint Oy<\/p>\n<p><strong>10.00 &#8211; 11.00 Paneelikeskustelu: Milt\u00e4 n\u00e4ytt\u00e4\u00e4 (digi)oppimisen tulevaisuus? <br \/><\/strong>Panelisteina opetuksen kehitysp\u00e4\u00e4llikk\u00f6 Sini Jussila, koulutusjohtaja Taija Pakarinen, lehtori Taina Lehtonen<strong>, <\/strong>verkkopedagogi Anne Rongas sek\u00e4 opiskelijakunta Kaakon hallituksen puheenjohtaja Krista V\u00e4is\u00e4nen.<\/p>\n<p><strong>11.15 &#8211; 11.30<\/strong> <strong>Digiope 2021 -palkinnon jakaminen<br \/><\/strong>Julkistetaan ja palkitaan vuoden <a href=\"https:\/\/blogit.xamk.fi\/ekampus\/vuoden-verkko-opetusteko\/\">2021<\/a><a href=\"https:\/\/blogit.xamk.fi\/ekampus\/vuoden-verkko-opetusteko\/\"> Digiope -palkinnon<\/a> ja kunniamainintojen saajat.<\/p>\n<p><strong>11.30 -12.30<\/strong> <strong>Lounastauko<\/strong> (omakustanteinen)<\/p>\n<p><strong>12.30 -13.30\u00a0 Hyv\u00e4t k\u00e4yt\u00e4nn\u00f6t<\/strong> , joissa p\u00e4\u00e4sev\u00e4t esille Xamkin Digiope -\u00e4\u00e4nestyksess\u00e4 esiin nousseet osaajat ja hyv\u00e4t k\u00e4yt\u00e4nn\u00f6t. Kolmen verkkototeutuksen esittely opettajien itsens\u00e4 toimesta.\u00a0<\/p>\n<p><strong>13.45 -14.45 Ty\u00f6paja- \/ verkostoitumissessiot.<\/strong> Tule hakemaan ideoita ja keskustelemaan sinua kiinnostavasta teemasta kollegoiden ja asiantuntijoiden kanssa.<\/p>\n<ul>\n<li><strong>Teema 1. Videot opetusk\u00e4yt\u00f6ss\u00e4<\/strong> <br \/>Kiinnostaako videoiden erilaiset hy\u00f6dynt\u00e4mistavat opetuksessa? Miten<br \/>muut opettajat ovat hy\u00f6dynt\u00e4neet videoita? Millaisia v\u00e4lineit\u00e4 k\u00e4ytt\u00e4neet? <br \/>Tule tapaamaan muita aiheesta kiinnostuneita ja vaihtamaan kokemuksia!<\/li>\n<li><strong>Teema 2. Pedagoginen uudistus<\/strong> <br \/>Kiinnostaako pedauudistus? Mit\u00e4 se oikein pit\u00e4\u00e4 sis\u00e4ll\u00e4\u00e4n? Millaista uudistusta sin\u00e4 haluaisit olla tekem\u00e4ss\u00e4? Mit\u00e4 olisi t\u00e4rke\u00e4 kehitt\u00e4\u00e4? Miten opetuksesta tehd\u00e4\u00e4n kustannustehokkaasti entist\u00e4 joustavampaa, opiskelijakeskeisemp\u00e4\u00e4? Tule vaihtamaan ajatuksia ja kuulemaan lis\u00e4\u00e4 aiheesta.<\/li>\n<li><strong>Teema 3. Yhteiskehitt\u00e4misen alusta Miro<\/strong><br \/>Miro on verkossa toimiva yhteiskehitt\u00e4misen alusta, joka taipuu moneen. Kokeillaan alustaa yhdess\u00e4 ja pohditaan miten sit\u00e4 voisi hy\u00f6dynt\u00e4\u00e4 omassa opetuksessa. Halutessaan osallistujat voivat saada Miro-lisenssin tilaisuuden j\u00e4lkeen.<\/li>\n<\/ul>\n<p><strong style=\"font-size: revert\">14.45 &#8211; 15.00 P\u00e4iv\u00e4n yhteenveto<br \/><\/strong>Mit\u00e4 t\u00e4n\u00e4\u00e4n opimme? Miten jatkaa oppimista? Mit\u00e4 toiveita ensi vuodelle?<\/p>\n<p>Seminaari on <strong>maksuton <\/strong>ja avoin kaikille verkko-opetuksesta ja sen kehitt\u00e4misest\u00e4 kiinnostuneille opettajille, hallinnon edustajille sek\u00e4 opiskelijoille Kaakkois-Suomen ammattikorkeakoulussa. My\u00f6s yhteisty\u00f6kumppanien edustajat ovat tervetulleita osallistumaan. Seminaarin toteutuksesta vastaa E-kampus -yksikk\u00f6 yhteisty\u00f6ss\u00e4 digimentorien kanssa.<\/p>\n<p>Kysytt\u00e4v\u00e4\u00e4? Ota yhteytt\u00e4<br \/>Verkko-opetuksen koordinaattori Mirva Pilli-Sihvola mirva.pilli-sihvola@xamk.fi p. 044 702 8490<\/p>\n<hr \/>\n<h1>Digi.peda 2021 -seminaarin ohjelma<\/h1>\n<p>Aika: 19.2.2021 klo 9.30 &#8211; 15.00, verkossa<br \/>Seminaarin teemana oli &#8221;aktiivisesti, ymm\u00e4rrett\u00e4v\u00e4sti ja ohjatusti verkossa&#8221;<\/p>\n<p><strong>9.30<\/strong>\u00a0 <strong>Avauspuheenvuoro ja johdattelu p\u00e4iv\u00e4n teemaan<br \/><\/strong><em>Pekka Uotila, p\u00e4\u00e4llikk\u00f6, korkeakoulun tieto- ja julkaisupalvelut<\/em><\/p>\n<p><strong>10.00 &#8211; 11.00 Aktiivista oppimista verkossa <br \/><\/strong><em>KM, AmO <\/em><a href=\"https:\/\/www.matleenalaakso.fi\/p\/kuka-olen.html\"><em>Matleena Laakso.<\/em><\/a><br \/>Matleena on digipedagoginen asiantuntija ja freelancer-kouluttaja, jolla on monipuolinen osaaminen ja kokemus suomalaisen koulutusj\u00e4rjestelm\u00e4n eri sektoreilta. Matleena on kysytty ja pidetty esiintyj\u00e4. Tavoitteena Matleenalla on &#8221;edist\u00e4\u00e4 digin pedagogisesti mielek\u00e4st\u00e4 hy\u00f6dynt\u00e4mist\u00e4 ja auttaa etenkin opettajia omassa ty\u00f6ss\u00e4\u00e4n&#8221;. T\u00e4ll\u00e4 hetkell\u00e4 Matleena vaikuttaa mm. Tampereen korkeakouluyhteis\u00f6ss\u00e4.<\/p>\n<p><strong>11.15 &#8211; 11.30<\/strong> <strong>Digiope 2020 -palkinnon jakaminen<br \/><\/strong>Julkistetaan ja palkitaan vuoden <a href=\"https:\/\/blogit.xamk.fi\/ekampus\/vuoden-verkko-opetusteko\/\">2020<\/a><a href=\"https:\/\/blogit.xamk.fi\/ekampus\/vuoden-verkko-opetusteko\/\"> Digiope -palkinnon<\/a> ja kunniamainintojen saajat.<\/p>\n<p><strong>11.30 -12.30<\/strong> <strong>Lounastauko<\/strong> (omakustanteinen)<\/p>\n<p><strong>12.30 -13.30\u00a0 Hyv\u00e4t k\u00e4yt\u00e4nn\u00f6t<\/strong> , joissa p\u00e4\u00e4sev\u00e4t esille Xamkin Digiope -\u00e4\u00e4nestyksess\u00e4 esiin nousseet osaajat ja hyv\u00e4t k\u00e4yt\u00e4nn\u00f6t.<\/p>\n<p><strong>13.45 -14.45 Ty\u00f6pajasessiot.<\/strong> Osallistu valitsemaasi vapaamuotoiseen ty\u00f6pajaan verkossa. <span class=\"TextRun SCXW225830341 BCX2\" lang=\"FI-FI\" xml:lang=\"FI-FI\" data-contrast=\"none\"><span class=\"NormalTextRun SCXW225830341 BCX2\">Aiheena ty\u00f6pajoissa on digitaalisten ty\u00f6v\u00e4lineiden k\u00e4ytt\u00f6<\/span><\/span> <span class=\"TextRun SCXW225830341 BCX2\" lang=\"FI-FI\" xml:lang=\"FI-FI\" data-contrast=\"none\"><span class=\"SpellingError SCXW225830341 BCX2\">verkko-<\/span><\/span> <span class=\"TextRun SCXW225830341 BCX2\" lang=\"FI-FI\" xml:lang=\"FI-FI\" data-contrast=\"none\"><span class=\"NormalTextRun SCXW225830341 BCX2\">opintojaksoilla<\/span><\/span><span class=\"TextRun SCXW225830341 BCX2\" lang=\"FI-FI\" xml:lang=\"FI-FI\" data-contrast=\"none\"><span class=\"NormalTextRun SCXW225830341 BCX2\">, valittavana kolme teemaa.<\/span><\/span><\/p>\n<ul>\n<li><strong>Paja A. Teemana ohjaus : <\/strong>miten tukea ja ohjata eri tyyppisten opiskelijoita verkko-opintojaksolla?<strong><br \/><\/strong><\/li>\n<li><strong>Paja B. Teemana selkeys: <\/strong>mist\u00e4 ja miten syntyy selkeys verkko-opintojaksolle?<\/li>\n<li><strong>Paja C. Teemana videopalvelun monet mahdollisuudet : <\/strong>mit\u00e4 uutta videopalvelu tuo ja kuinka hy\u00f6dynt\u00e4\u00e4 sen mahdollisuuksia opetuksessa?<strong><br \/><\/strong><\/li>\n<\/ul>\n<p><strong>14.45 &#8211; 15.00 P\u00e4iv\u00e4n yhteenveto<br \/><\/strong>Mit\u00e4 t\u00e4n\u00e4\u00e4n opimme? Miten jatkaa oppimista? Mit\u00e4 toiveita ensi vuodelle?<\/p>\n<p>Seminaari on <strong>maksuton <\/strong>ja avoin kaikille verkko-opetuksesta ja sen kehitt\u00e4misest\u00e4 kiinnostuneille opettajille, hallinnon edustajille sek\u00e4 opiskelijoille Kaakkois-Suomen ammattikorkeakoulussa. My\u00f6s yhteisty\u00f6kumppanien edustajat ovat tervetulleita osallistumaan. Seminaarin toteutuksesta vastaa E-kampus -yksikk\u00f6 yhteisty\u00f6ss\u00e4 digimentorien kanssa.<\/p>\n<p>Kysytt\u00e4v\u00e4\u00e4? Ota yhteytt\u00e4<br \/>Verkko-opetuksen koordinaattori Mirva Pilli-Sihvola mirva.pilli-sihvola@xamk.fi p. 044 702 8490<\/p>\n\n\n<p><\/p>\n","protected":false},"excerpt":{"rendered":"<p>Digi.peda\u00a0-seminaari\u00a0on vuosittain toistuva tapahtuma, jossa esitell\u00e4\u00e4n digiopetuksen uusia tuulia ja jaetaan hyvi\u00e4 k\u00e4yt\u00e4nt\u00f6j\u00e4. Seminaarissa my\u00f6s julkistetaan vuoden Digiope -palkinnon saaja.\u00a0Vuoden 2025 Digi.peda -seminaari j\u00e4rjestettiin 12.5.2024\u00a0klo 9 alkaen\u00a0verkkoseminaarina (Teams). Seminaari oli osa Kurssit kuntoon syksyksi -teemaviikkoa. Seminaari on\u00a0maksuton\u00a0ja avoin kaikille verkko-opetuksesta ja sen kehitt\u00e4misest\u00e4 kiinnostuneille opettajille, hallinnon edustajille sek\u00e4 opiskelijoille Kaakkois-Suomen ammattikorkeakoulussa. My\u00f6s yhteisty\u00f6kumppanien edustajat ovat [&hellip;]<\/p>\n","protected":false},"author":138,"featured_media":0,"parent":0,"menu_order":0,"comment_status":"closed","ping_status":"closed","template":"","meta":{"inline_featured_image":false,"footnotes":""},"class_list":["post-879","page","type-page","status-publish","hentry"],"jetpack_sharing_enabled":true,"_links":{"self":[{"href":"https:\/\/blogit.xamk.fi\/ekampus\/wp-json\/wp\/v2\/pages\/879","targetHints":{"allow":["GET"]}}],"collection":[{"href":"https:\/\/blogit.xamk.fi\/ekampus\/wp-json\/wp\/v2\/pages"}],"about":[{"href":"https:\/\/blogit.xamk.fi\/ekampus\/wp-json\/wp\/v2\/types\/page"}],"author":[{"embeddable":true,"href":"https:\/\/blogit.xamk.fi\/ekampus\/wp-json\/wp\/v2\/users\/138"}],"replies":[{"embeddable":true,"href":"https:\/\/blogit.xamk.fi\/ekampus\/wp-json\/wp\/v2\/comments?post=879"}],"version-history":[{"count":102,"href":"https:\/\/blogit.xamk.fi\/ekampus\/wp-json\/wp\/v2\/pages\/879\/revisions"}],"predecessor-version":[{"id":1428,"href":"https:\/\/blogit.xamk.fi\/ekampus\/wp-json\/wp\/v2\/pages\/879\/revisions\/1428"}],"wp:attachment":[{"href":"https:\/\/blogit.xamk.fi\/ekampus\/wp-json\/wp\/v2\/media?parent=879"}],"curies":[{"name":"wp","href":"https:\/\/api.w.org\/{rel}","templated":true}]}}