{"id":63,"date":"2010-11-29T15:04:26","date_gmt":"2010-11-29T12:04:26","guid":{"rendered":"http:\/\/blogit.kyamk.fi\/optek\/?page_id=63"},"modified":"2022-01-03T13:41:48","modified_gmt":"2022-01-03T11:41:48","slug":"toimintaohjeet","status":"publish","type":"page","link":"https:\/\/blogit.xamk.fi\/ekampus\/toimintaohjeet\/","title":{"rendered":"Toimintaohjeet"},"content":{"rendered":"\n<p><strong>Huomioi:<\/strong><\/p>\n\n\n\n<p>Muista varata j\u00e4rjestelm\u00e4tuki ajoissa, jotta voimme varautua teht\u00e4v\u00e4\u00e4n etuk\u00e4teen.<\/p>\n\n\n\n<p>Kaikki tukipyynn\u00f6t tulee l\u00e4hett\u00e4\u00e4 Xamkin&nbsp;Xinfon&nbsp;kautta (<a href=\"http:\/\/xinfo.xamk.fi\">http:\/\/xinfo.xamk.fi<\/a>) E-kampuksen lomakkeilla, tai s\u00e4hk\u00f6postitse xinfo@xamk.fi.<\/p>\n\n\n\n<p>Tutustu my\u00f6s oppimisymp\u00e4rist\u00f6mme Learnin <a href=\"https:\/\/learn.xamk.fi\/local\/staticpage\/view.php?page=tukipalvelut\">Ohjeet ja tuki<\/a> -osioon.<\/p>\n","protected":false},"excerpt":{"rendered":"<p>Huomioi: Muista varata j\u00e4rjestelm\u00e4tuki ajoissa, jotta voimme varautua teht\u00e4v\u00e4\u00e4n etuk\u00e4teen. Kaikki tukipyynn\u00f6t tulee l\u00e4hett\u00e4\u00e4 Xamkin&nbsp;Xinfon&nbsp;kautta (http:\/\/xinfo.xamk.fi) E-kampuksen lomakkeilla, tai s\u00e4hk\u00f6postitse xinfo@xamk.fi. Tutustu my\u00f6s oppimisymp\u00e4rist\u00f6mme Learnin Ohjeet ja tuki -osioon.<\/p>\n","protected":false},"author":7,"featured_media":0,"parent":0,"menu_order":0,"comment_status":"closed","ping_status":"closed","template":"","meta":{"inline_featured_image":false,"footnotes":""},"class_list":["post-63","page","type-page","status-publish","hentry"],"jetpack_sharing_enabled":true,"_links":{"self":[{"href":"https:\/\/blogit.xamk.fi\/ekampus\/wp-json\/wp\/v2\/pages\/63","targetHints":{"allow":["GET"]}}],"collection":[{"href":"https:\/\/blogit.xamk.fi\/ekampus\/wp-json\/wp\/v2\/pages"}],"about":[{"href":"https:\/\/blogit.xamk.fi\/ekampus\/wp-json\/wp\/v2\/types\/page"}],"author":[{"embeddable":true,"href":"https:\/\/blogit.xamk.fi\/ekampus\/wp-json\/wp\/v2\/users\/7"}],"replies":[{"embeddable":true,"href":"https:\/\/blogit.xamk.fi\/ekampus\/wp-json\/wp\/v2\/comments?post=63"}],"version-history":[{"count":7,"href":"https:\/\/blogit.xamk.fi\/ekampus\/wp-json\/wp\/v2\/pages\/63\/revisions"}],"predecessor-version":[{"id":1267,"href":"https:\/\/blogit.xamk.fi\/ekampus\/wp-json\/wp\/v2\/pages\/63\/revisions\/1267"}],"wp:attachment":[{"href":"https:\/\/blogit.xamk.fi\/ekampus\/wp-json\/wp\/v2\/media?parent=63"}],"curies":[{"name":"wp","href":"https:\/\/api.w.org\/{rel}","templated":true}]}}